{"id":2078,"date":"2025-10-11T08:54:22","date_gmt":"2025-10-11T08:54:22","guid":{"rendered":"https:\/\/drserapozdamar.com\/?page_id=2078"},"modified":"2025-10-19T20:19:18","modified_gmt":"2025-10-19T20:19:18","slug":"sosyal-meyda-tv","status":"publish","type":"page","link":"https:\/\/drserapozdamar.com\/?page_id=2078","title":{"rendered":"Sosyal Medya &#038; TV"},"content":{"rendered":"\t\t<div data-elementor-type=\"wp-page\" data-elementor-id=\"2078\" class=\"elementor elementor-2078\">\n\t\t\t\t<div class=\"elementor-element elementor-element-61e0909 e-flex e-con-boxed e-con e-parent\" data-id=\"61e0909\" data-element_type=\"container\" data-settings=\"{&quot;jet_parallax_layout_list&quot;:[]}\">\n\t\t\t\t\t<div class=\"e-con-inner\">\n\t\t\t\t<div class=\"elementor-element elementor-element-bc208dd elementor-widget elementor-widget-heading\" data-id=\"bc208dd\" data-element_type=\"widget\" data-widget_type=\"heading.default\">\n\t\t\t\t<div class=\"elementor-widget-container\">\n\t\t\t<h2 class=\"elementor-heading-title elementor-size-default\"><div style=\"margin: 0px; padding: 0px; border: 0px; background-image: initial; background-position: initial; background-size: initial; background-repeat: initial; background-attachment: initial; background-origin: initial; background-clip: initial; color: rgb(15, 15, 15); font-family: Roboto, Arial, sans-serif; font-size: 10px; font-weight: 400; letter-spacing: normal; white-space-collapse: collapse;\"><h1 style=\"margin-right: 0px; margin-bottom: 0px; margin-left: 0px; padding: 0px; border: 0px; background: transparent; word-break: break-word; font-family: Roboto, Arial, sans-serif; font-size: 2rem; line-height: 2.8rem; font-weight: 700; overflow: hidden; max-height: 5.6rem; -webkit-line-clamp: 2; display: -webkit-box; -webkit-box-orient: vertical; text-overflow: ellipsis;\"><\/h1><\/div><div style=\"margin: -4px 0px 0px; padding: 0px; border: 0px; background-image: initial; background-position: initial; background-size: initial; background-repeat: initial; background-attachment: initial; background-origin: initial; background-clip: initial; display: flex; flex-direction: row; justify-content: flex-start; color: rgb(15, 15, 15); font-family: Roboto, Arial, sans-serif; font-size: 10px; font-weight: 400; letter-spacing: normal; white-space-collapse: collapse;\"><div style=\"margin: 12px 32px 0px 0px; padding: 0px; border: 0px; background: transparent; min-width: auto; flex: 0 0 auto; display: flex; flex-direction: row; align-items: center; max-width: 100%; width: fit-content;\"><span style=\"color: rgb(110, 193, 228); font-family: Roboto, sans-serif; font-size: 2rem; font-weight: 600; white-space-collapse: preserve; letter-spacing: 0.27px;\">DR Serap \u00d6zdamar &amp; Didar \u00dcst\u00fcn ile \u00c7ocuklarda Di\u015f Travmalar\u0131<\/span><span style=\"color: rgb(110, 193, 228); font-family: Roboto, sans-serif; font-size: 2rem; font-weight: 600; white-space-collapse: preserve; letter-spacing: 0.27px;\"><\/span><\/div><\/div><\/h2>\t\t<\/div>\n\t\t\t\t<\/div>\n\t\t\t\t<div class=\"elementor-element elementor-element-59ddc97 elementor-widget elementor-widget-image\" data-id=\"59ddc97\" data-element_type=\"widget\" data-widget_type=\"image.default\">\n\t\t\t\t<div class=\"elementor-widget-container\">\n\t\t\t\t\t\t\t\t\t\t\t\t\t\t<a href=\"https:\/\/youtu.be\/-dqp0ZuRcEA?si=IUD6mxjn4F0oowPs\" target=\"_blank\">\n\t\t\t\t\t\t\t<img fetchpriority=\"high\" decoding=\"async\" width=\"2560\" height=\"1534\" src=\"https:\/\/drserapozdamar.com\/wp-content\/uploads\/2025\/10\/IMG-20251019-WA0853-scaled.jpg\" class=\"attachment-full size-full wp-image-2168\" alt=\"\" srcset=\"https:\/\/drserapozdamar.com\/wp-content\/uploads\/2025\/10\/IMG-20251019-WA0853-scaled.jpg 2560w, https:\/\/drserapozdamar.com\/wp-content\/uploads\/2025\/10\/IMG-20251019-WA0853-300x180.jpg 300w, https:\/\/drserapozdamar.com\/wp-content\/uploads\/2025\/10\/IMG-20251019-WA0853-1024x614.jpg 1024w, https:\/\/drserapozdamar.com\/wp-content\/uploads\/2025\/10\/IMG-20251019-WA0853-768x460.jpg 768w, https:\/\/drserapozdamar.com\/wp-content\/uploads\/2025\/10\/IMG-20251019-WA0853-1536x921.jpg 1536w, https:\/\/drserapozdamar.com\/wp-content\/uploads\/2025\/10\/IMG-20251019-WA0853-2048x1227.jpg 2048w\" sizes=\"(max-width: 2560px) 100vw, 2560px\" \/>\t\t\t\t\t\t\t\t<\/a>\n\t\t\t\t\t\t\t\t\t\t\t\t\t<\/div>\n\t\t\t\t<\/div>\n\t\t\t\t<div class=\"elementor-element elementor-element-35e1969 elementor-widget elementor-widget-jet-button\" data-id=\"35e1969\" data-element_type=\"widget\" data-widget_type=\"jet-button.default\">\n\t\t\t\t<div class=\"elementor-widget-container\">\n\t\t\t<div class=\"elementor-jet-button jet-elements\"><div class=\"jet-button__container\">\n\t<a class=\"jet-button__instance jet-button__instance--icon-left hover-effect-0\" href=\"https:\/\/youtu.be\/-dqp0ZuRcEA?si=IUD6mxjn4F0oowPs\">\n\t\t<div class=\"jet-button__plane jet-button__plane-normal\"><\/div>\n\t\t<div class=\"jet-button__plane jet-button__plane-hover\"><\/div>\n\t\t<div class=\"jet-button__state jet-button__state-normal\">\n\t\t\t<span class=\"jet-button__icon jet-elements-icon\"><svg aria-hidden=\"true\" class=\"e-font-icon-svg e-fab-youtube\" viewBox=\"0 0 576 512\" xmlns=\"http:\/\/www.w3.org\/2000\/svg\"><path d=\"M549.655 124.083c-6.281-23.65-24.787-42.276-48.284-48.597C458.781 64 288 64 288 64S117.22 64 74.629 75.486c-23.497 6.322-42.003 24.947-48.284 48.597-11.412 42.867-11.412 132.305-11.412 132.305s0 89.438 11.412 132.305c6.281 23.65 24.787 41.5 48.284 47.821C117.22 448 288 448 288 448s170.78 0 213.371-11.486c23.497-6.321 42.003-24.171 48.284-47.821 11.412-42.867 11.412-132.305 11.412-132.305s0-89.438-11.412-132.305zm-317.51 213.508V175.185l142.739 81.205-142.739 81.201z\"><\/path><\/svg><\/span><span class=\"jet-button__label\">Youtube \u0130zle<\/span>\t\t<\/div>\n\t\t<div class=\"jet-button__state jet-button__state-hover\">\n\t\t\t<span class=\"jet-button__label\">Go<\/span>\t\t<\/div>\n\t<\/a>\n<\/div>\n<\/div>\t\t<\/div>\n\t\t\t\t<\/div>\n\t\t\t\t\t<\/div>\n\t\t\t\t<\/div>\n\t\t<div class=\"elementor-element elementor-element-30afba5 e-flex e-con-boxed e-con e-parent\" data-id=\"30afba5\" data-element_type=\"container\" data-settings=\"{&quot;jet_parallax_layout_list&quot;:[]}\">\n\t\t\t\t\t<div class=\"e-con-inner\">\n\t\t\t\t<div class=\"elementor-element elementor-element-8fe4627 elementor-widget-divider--view-line elementor-widget elementor-widget-divider\" data-id=\"8fe4627\" data-element_type=\"widget\" data-widget_type=\"divider.default\">\n\t\t\t\t<div class=\"elementor-widget-container\">\n\t\t\t\t\t<div class=\"elementor-divider\">\n\t\t\t<span class=\"elementor-divider-separator\">\n\t\t\t\t\t\t<\/span>\n\t\t<\/div>\n\t\t\t\t<\/div>\n\t\t\t\t<\/div>\n\t\t\t\t<div class=\"elementor-element elementor-element-50f7e96 elementor-widget elementor-widget-heading\" data-id=\"50f7e96\" data-element_type=\"widget\" data-widget_type=\"heading.default\">\n\t\t\t\t<div class=\"elementor-widget-container\">\n\t\t\t<h2 class=\"elementor-heading-title elementor-size-default\"><h2 data-elementor-setting-key=\"title\" data-pen-placeholder=\"Buraya Yaz\u0131n...\" style=\"font-family: Roboto, sans-serif; color: rgb(110, 193, 228); font-weight: 600; letter-spacing: 0.27px;\">DR Serap \u00d6zdamar Zahide Yeti\u015f ile A\u011f\u0131z ve Di\u015f Sa\u011fl\u0131\u011f\u0131 Program\u0131<span style=\"color: rgb(110, 193, 228); font-family: Roboto, sans-serif; font-size: 2rem; font-weight: 600; white-space: pre-wrap; text-align: start; background-color: rgb(255, 255, 255); letter-spacing: 0.27px; display: inline !important; float: none;\"><\/span><\/h2><\/h2>\t\t<\/div>\n\t\t\t\t<\/div>\n\t\t\t\t<div class=\"elementor-element elementor-element-2282951 elementor-widget elementor-widget-image\" data-id=\"2282951\" data-element_type=\"widget\" data-widget_type=\"image.default\">\n\t\t\t\t<div class=\"elementor-widget-container\">\n\t\t\t\t\t\t\t\t\t\t\t\t\t\t<a href=\"https:\/\/youtu.be\/isU0g4x-B2c?si=gd2t3T_Foc44L_Ao\" target=\"_blank\">\n\t\t\t\t\t\t\t<img decoding=\"async\" width=\"2560\" height=\"1537\" src=\"https:\/\/drserapozdamar.com\/wp-content\/uploads\/2025\/10\/IMG-20251019-WA0852-scaled.jpg\" class=\"attachment-full size-full wp-image-2167\" alt=\"\" srcset=\"https:\/\/drserapozdamar.com\/wp-content\/uploads\/2025\/10\/IMG-20251019-WA0852-scaled.jpg 2560w, https:\/\/drserapozdamar.com\/wp-content\/uploads\/2025\/10\/IMG-20251019-WA0852-300x180.jpg 300w, https:\/\/drserapozdamar.com\/wp-content\/uploads\/2025\/10\/IMG-20251019-WA0852-1024x615.jpg 1024w, https:\/\/drserapozdamar.com\/wp-content\/uploads\/2025\/10\/IMG-20251019-WA0852-768x461.jpg 768w, https:\/\/drserapozdamar.com\/wp-content\/uploads\/2025\/10\/IMG-20251019-WA0852-1536x922.jpg 1536w, https:\/\/drserapozdamar.com\/wp-content\/uploads\/2025\/10\/IMG-20251019-WA0852-2048x1230.jpg 2048w\" sizes=\"(max-width: 2560px) 100vw, 2560px\" \/>\t\t\t\t\t\t\t\t<\/a>\n\t\t\t\t\t\t\t\t\t\t\t\t\t<\/div>\n\t\t\t\t<\/div>\n\t\t\t\t<div class=\"elementor-element elementor-element-bf4d3bc elementor-widget elementor-widget-jet-button\" data-id=\"bf4d3bc\" data-element_type=\"widget\" data-widget_type=\"jet-button.default\">\n\t\t\t\t<div class=\"elementor-widget-container\">\n\t\t\t<div class=\"elementor-jet-button jet-elements\"><div class=\"jet-button__container\">\n\t<a class=\"jet-button__instance jet-button__instance--icon-left hover-effect-0\" href=\"https:\/\/youtu.be\/isU0g4x-B2c?si=gd2t3T_Foc44L_Ao\">\n\t\t<div class=\"jet-button__plane jet-button__plane-normal\"><\/div>\n\t\t<div class=\"jet-button__plane jet-button__plane-hover\"><\/div>\n\t\t<div class=\"jet-button__state jet-button__state-normal\">\n\t\t\t<span class=\"jet-button__label\">Youtube \u0130zle<\/span>\t\t<\/div>\n\t\t<div class=\"jet-button__state jet-button__state-hover\">\n\t\t\t<span class=\"jet-button__label\">Go<\/span>\t\t<\/div>\n\t<\/a>\n<\/div>\n<\/div>\t\t<\/div>\n\t\t\t\t<\/div>\n\t\t\t\t\t<\/div>\n\t\t\t\t<\/div>\n\t\t\t\t<\/div>\n\t\t","protected":false},"excerpt":{"rendered":"<p>DR Serap \u00d6zdamar &amp; Didar \u00dcst\u00fcn ile \u00c7ocuklarda Di\u015f Travmalar\u0131 Youtube \u0130zle Go DR Serap \u00d6zdamar Zahide Yeti\u015f ile A\u011f\u0131z ve Di\u015f Sa\u011fl\u0131\u011f\u0131 Program\u0131 Youtube \u0130zle Go<\/p>\n","protected":false},"author":1,"featured_media":0,"parent":0,"menu_order":0,"comment_status":"closed","ping_status":"closed","template":"","meta":{"_acf_changed":false,"footnotes":""},"class_list":["post-2078","page","type-page","status-publish","hentry"],"acf":[],"_links":{"self":[{"href":"https:\/\/drserapozdamar.com\/index.php?rest_route=\/wp\/v2\/pages\/2078"}],"collection":[{"href":"https:\/\/drserapozdamar.com\/index.php?rest_route=\/wp\/v2\/pages"}],"about":[{"href":"https:\/\/drserapozdamar.com\/index.php?rest_route=\/wp\/v2\/types\/page"}],"author":[{"embeddable":true,"href":"https:\/\/drserapozdamar.com\/index.php?rest_route=\/wp\/v2\/users\/1"}],"replies":[{"embeddable":true,"href":"https:\/\/drserapozdamar.com\/index.php?rest_route=%2Fwp%2Fv2%2Fcomments&post=2078"}],"version-history":[{"count":23,"href":"https:\/\/drserapozdamar.com\/index.php?rest_route=\/wp\/v2\/pages\/2078\/revisions"}],"predecessor-version":[{"id":2184,"href":"https:\/\/drserapozdamar.com\/index.php?rest_route=\/wp\/v2\/pages\/2078\/revisions\/2184"}],"wp:attachment":[{"href":"https:\/\/drserapozdamar.com\/index.php?rest_route=%2Fwp%2Fv2%2Fmedia&parent=2078"}],"curies":[{"name":"wp","href":"https:\/\/api.w.org\/{rel}","templated":true}]}}