{"id":1882,"date":"2025-06-04T06:43:02","date_gmt":"2025-06-04T06:43:02","guid":{"rendered":"https:\/\/drserapozdamar.com\/?page_id=1882"},"modified":"2025-09-24T20:23:12","modified_gmt":"2025-09-24T20:23:12","slug":"gomulu-20-yas-disleri","status":"publish","type":"page","link":"https:\/\/drserapozdamar.com\/?page_id=1882","title":{"rendered":"G\u00f6m\u00fcl\u00fc 20 Ya\u015f Di\u015fleri"},"content":{"rendered":"\t\t<div data-elementor-type=\"wp-page\" data-elementor-id=\"1882\" class=\"elementor elementor-1882\">\n\t\t\t\t<div class=\"elementor-element elementor-element-0479863 e-flex e-con-boxed e-con e-parent\" data-id=\"0479863\" data-element_type=\"container\" data-settings=\"{&quot;jet_parallax_layout_list&quot;:[]}\">\n\t\t\t\t\t<div class=\"e-con-inner\">\n\t\t<div class=\"elementor-element elementor-element-fb030a3 e-con-full e-flex e-con e-child\" data-id=\"fb030a3\" data-element_type=\"container\" data-settings=\"{&quot;jet_parallax_layout_list&quot;:[]}\">\n\t\t\t\t<div class=\"elementor-element elementor-element-b81189b elementor-widget elementor-widget-image\" data-id=\"b81189b\" data-element_type=\"widget\" data-widget_type=\"image.default\">\n\t\t\t\t<div class=\"elementor-widget-container\">\n\t\t\t\t\t\t\t\t\t\t\t\t\t<img fetchpriority=\"high\" decoding=\"async\" width=\"1000\" height=\"525\" src=\"https:\/\/drserapozdamar.com\/wp-content\/uploads\/2024\/12\/IMG-20241229-WA0035-1.jpg\" class=\"attachment-large size-large wp-image-1820\" alt=\"\" srcset=\"https:\/\/drserapozdamar.com\/wp-content\/uploads\/2024\/12\/IMG-20241229-WA0035-1.jpg 1000w, https:\/\/drserapozdamar.com\/wp-content\/uploads\/2024\/12\/IMG-20241229-WA0035-1-300x158.jpg 300w, https:\/\/drserapozdamar.com\/wp-content\/uploads\/2024\/12\/IMG-20241229-WA0035-1-768x403.jpg 768w\" sizes=\"(max-width: 1000px) 100vw, 1000px\" \/>\t\t\t\t\t\t\t\t\t\t\t\t\t<\/div>\n\t\t\t\t<\/div>\n\t\t\t\t<\/div>\n\t\t<div class=\"elementor-element elementor-element-22a760d e-con-full e-flex e-con e-child\" data-id=\"22a760d\" data-element_type=\"container\" data-settings=\"{&quot;jet_parallax_layout_list&quot;:[]}\">\n\t\t\t\t<div class=\"elementor-element elementor-element-130215f elementor-widget elementor-widget-heading\" data-id=\"130215f\" data-element_type=\"widget\" data-widget_type=\"heading.default\">\n\t\t\t\t<div class=\"elementor-widget-container\">\n\t\t\t<h2 class=\"elementor-heading-title elementor-size-default\">G\u00f6m\u00fcl\u00fc 20 Ya\u015f Di\u015f Hakk\u0131nda Merak Ettikleriniz<\/h2>\t\t<\/div>\n\t\t\t\t<\/div>\n\t\t\t\t<div class=\"elementor-element elementor-element-f863fc6 elementor-widget elementor-widget-text-editor\" data-id=\"f863fc6\" data-element_type=\"widget\" data-widget_type=\"text-editor.default\">\n\t\t\t\t<div class=\"elementor-widget-container\">\n\t\t\t\t\t\t\t<p>G\u00f6m\u00fcl\u00fc 20 Ya\u015f Di\u015fleri Hakk\u0131nda Merak Ettikleriniz<br \/>Uzm. Di\u015f Hekimi Dr. Serap \u00d6zdamar \/ A\u011f\u0131z, Di\u015f ve \u00c7ene Cerrahisi Uzman\u0131<br \/>A\u011fz\u0131n\u0131z\u0131n en arka b\u00f6lgesinde zaman zaman hissedilen bir a\u011fr\u0131, \u00e7i\u011fneme s\u0131ras\u0131nda zorlanma ya da di\u015f etinizde tekrarlayan \u015fi\u015flikler&#8230; Sebebi g\u00f6m\u00fcl\u00fc kalm\u0131\u015f bir yirmi ya\u015f di\u015fi olabilir.<br \/>G\u00f6m\u00fcl\u00fc Di\u015f Nedir?<br \/>S\u00fcrme zaman\u0131 geldi\u011fi h\u00e2lde \u00e7ene kemi\u011fi i\u00e7inde veya di\u015f eti alt\u0131nda kalan, a\u011f\u0131z ortam\u0131na tam olarak \u00e7\u0131kamayan di\u015flere &#8220;g\u00f6m\u00fcl\u00fc di\u015f&#8221; ad\u0131 verilir. Genellikle \u00e7enenin en arkas\u0131nda bulunan \u00fc\u00e7\u00fcnc\u00fc b\u00fcy\u00fck az\u0131 di\u015fleri\u2014yani 20 ya\u015f di\u015fleri\u2014en s\u0131k kar\u015f\u0131la\u015f\u0131lan g\u00f6m\u00fcl\u00fc di\u015flerdir.<br \/>Bu di\u015fler bazen hi\u00e7 s\u00fcrmez, bazen de yar\u0131 g\u00f6m\u00fcl\u00fc kal\u0131r. Bu durum a\u011f\u0131z hijyeninin zorla\u015fmas\u0131na, enfeksiyonlara, \u00e7\u00fcr\u00fck olu\u015fumuna ve hatta kom\u015fu di\u015flerin zarar g\u00f6rmesi neden olabilir.<br \/>20 Ya\u015f Di\u015fleri Neden G\u00f6m\u00fcl\u00fc Kal\u0131r?<br \/>\u2022 Genetik yatk\u0131nl\u0131k<br \/>\u2022 \u00c7ene yap\u0131s\u0131n\u0131n k\u00fc\u00e7\u00fck olmas\u0131<br \/>\u2022 Di\u015fin konumunun bozuk olmas\u0131<br \/>\u2022 Bebeklik ve \u00e7ocukluk d\u00f6neminde ge\u00e7irilen travmalar veya eksik di\u015fler (di\u011fer di\u015flerin g\u00f6m\u00fcl\u00fc kalma nedenleri)<br \/>Modern insan\u0131n \u00e7ene yap\u0131s\u0131, 20 ya\u015f di\u015flerinin d\u00fczg\u00fcn bir \u015fekilde s\u00fcrmesine \u00e7o\u011fu zaman izin vermez. Bu nedenle bu di\u015fler \u00e7o\u011fu zaman ya k\u0131smen \u00e7\u0131kar ya da tamamen g\u00f6m\u00fcl\u00fc kal\u0131r.<br \/>G\u00f6m\u00fcl\u00fc 20 Ya\u015f Di\u015fleri Hangi Durumlarda \u00c7ekilmelidir?<br \/>\u2022 S\u00fcrekli veya aral\u0131kl\u0131 a\u011fr\u0131 varsa<br \/>\u2022 Di\u015f eti \u00e7evresinde enfeksiyon veya \u015fi\u015flik olu\u015fuyorsa<br \/>\u2022 Di\u015fin \u00e7evresinde kist geli\u015fmi\u015fse<br \/>\u2022 Kom\u015fu di\u015flere bask\u0131 yaparak \u00e7apra\u015f\u0131kl\u0131\u011fa neden oluyorsa<br \/>\u2022 Radyolojik incelemelerde di\u015fin geli\u015fimi durmu\u015fsa<br \/>Uzmana dan\u0131\u015fmadan karar verilmemeli, di\u015fin a\u011f\u0131z i\u00e7indeki pozisyonu klinik ve radyolojik olarak de\u011ferlendirilmelidir. L\u00fctfen alan\u0131nda deneyimli\u00a0 bir A\u011f\u0131z, Di\u015f ve \u00c7ene Cerrahisi Uzman\u0131\u2019na ba\u015fvurunuz.<br \/>G\u00f6m\u00fcl\u00fc Di\u015f \u00c7ekimi Nas\u0131l Yap\u0131l\u0131r?<br \/>G\u00f6m\u00fcl\u00fc yirmi ya\u015f di\u015fi operasyonlar\u0131, lokal anestezi alt\u0131nda ger\u00e7ekle\u015ftirilen a\u011fr\u0131s\u0131z ve g\u00fcvenli i\u015flemlerdir. Gerekli durumlarda sedasyon (hafif uyku hali) ile de desteklenebilir. \u0130\u015flem s\u00fcresi genellikle 20-40 dakika aras\u0131d\u0131r.<br \/>\u0130lgili b\u00f6lge lokal anestezi ile uyu\u015fturulur. Sonras\u0131nda ufak bir kesi yap\u0131l\u0131r, kemik retansiyonu s\u00f6z konusu ise kemik doku kald\u0131r\u0131l\u0131r, di\u015f \u00e7\u0131kart\u0131ld\u0131ktan sonra ilgili b\u00f6lge diki\u015f ile kapat\u0131l\u0131r. Kesinlikle a\u011fr\u0131s\u0131z bir i\u015flemdir. Sonras\u0131nda uygun antibiyotik ve a\u011fr\u0131 kesicilerin kullan\u0131lmas\u0131 gerekmektedir.<br \/>Operasyon Sonras\u0131 Nelere Dikkat Etmeli?<br \/>\u2022 \u0130lk 24 saat s\u0131cak ve asitli g\u0131dalardan uzak durulmal\u0131<br \/>\u2022 So\u011fuk kompres yap\u0131lmal\u0131<br \/>\u2022 \u0130la\u00e7lar d\u00fczenli al\u0131nmal\u0131<br \/>\u2022 Di\u015f f\u0131r\u00e7alamaya ara verilmemeli<br \/>\u2022 \u0130lk 48 saat sigara kullan\u0131lmamal\u0131<br \/>Operasyon sonras\u0131 hafif \u015fi\u015flik veya morluklar normaldir ve 3-4 g\u00fcn i\u00e7inde kaybolur.<br \/>G\u00f6m\u00fcl\u00fc Di\u015f Tedavisi \u0130\u00e7in Do\u011fru Hekimi Se\u00e7mek Neden \u00d6nemlidir?<br \/>G\u00f6m\u00fcl\u00fc yirmi ya\u015f di\u015fi \u00e7ekimi, mutlaka\u00a0A\u011f\u0131z, Di\u015f ve \u00c7ene Cerrahisi Uzman\u0131\u00a0taraf\u0131ndan yap\u0131lmal\u0131d\u0131r. Bu alandaki uzmanl\u0131k, hem do\u011fru tan\u0131n\u0131n konulmas\u0131n\u0131 hem de tedavi s\u00fcrecinin sorunsuz ve konforlu ge\u00e7mesini sa\u011flar.<\/p>\t\t\t\t\t\t<\/div>\n\t\t\t\t<\/div>\n\t\t\t\t<div class=\"elementor-element elementor-element-e81fde8 elementor-widget elementor-widget-button\" data-id=\"e81fde8\" data-element_type=\"widget\" data-widget_type=\"button.default\">\n\t\t\t\t<div class=\"elementor-widget-container\">\n\t\t\t\t\t<div class=\"elementor-button-wrapper\">\n\t\t\t<a class=\"elementor-button elementor-button-link elementor-size-sm\" href=\"https:\/\/drserapozdamar.com\/?page_id=1854\">\n\t\t\t\t\t\t<span class=\"elementor-button-content-wrapper\">\n\t\t\t\t\t\t\t\t\t<span class=\"elementor-button-text\">Yaz\u0131lar\u0131ma Geri D\u00f6n<\/span>\n\t\t\t\t\t<\/span>\n\t\t\t\t\t<\/a>\n\t\t<\/div>\n\t\t\t\t<\/div>\n\t\t\t\t<\/div>\n\t\t\t\t<\/div>\n\t\t\t\t\t<\/div>\n\t\t\t\t<\/div>\n\t\t\t\t<\/div>\n\t\t","protected":false},"excerpt":{"rendered":"<p>G\u00f6m\u00fcl\u00fc 20 Ya\u015f Di\u015f Hakk\u0131nda Merak Ettikleriniz G\u00f6m\u00fcl\u00fc 20 Ya\u015f Di\u015fleri Hakk\u0131nda Merak EttiklerinizUzm. Di\u015f Hekimi Dr. Serap \u00d6zdamar \/ A\u011f\u0131z, Di\u015f ve \u00c7ene Cerrahisi Uzman\u0131A\u011fz\u0131n\u0131z\u0131n en arka b\u00f6lgesinde zaman zaman hissedilen bir a\u011fr\u0131, \u00e7i\u011fneme s\u0131ras\u0131nda zorlanma ya da di\u015f etinizde tekrarlayan \u015fi\u015flikler&#8230; Sebebi g\u00f6m\u00fcl\u00fc kalm\u0131\u015f bir yirmi ya\u015f di\u015fi olabilir.G\u00f6m\u00fcl\u00fc Di\u015f Nedir?S\u00fcrme zaman\u0131 geldi\u011fi [&hellip;]<\/p>\n","protected":false},"author":1,"featured_media":0,"parent":0,"menu_order":0,"comment_status":"closed","ping_status":"closed","template":"","meta":{"_acf_changed":false,"footnotes":""},"class_list":["post-1882","page","type-page","status-publish","hentry"],"acf":[],"_links":{"self":[{"href":"https:\/\/drserapozdamar.com\/index.php?rest_route=\/wp\/v2\/pages\/1882"}],"collection":[{"href":"https:\/\/drserapozdamar.com\/index.php?rest_route=\/wp\/v2\/pages"}],"about":[{"href":"https:\/\/drserapozdamar.com\/index.php?rest_route=\/wp\/v2\/types\/page"}],"author":[{"embeddable":true,"href":"https:\/\/drserapozdamar.com\/index.php?rest_route=\/wp\/v2\/users\/1"}],"replies":[{"embeddable":true,"href":"https:\/\/drserapozdamar.com\/index.php?rest_route=%2Fwp%2Fv2%2Fcomments&post=1882"}],"version-history":[{"count":13,"href":"https:\/\/drserapozdamar.com\/index.php?rest_route=\/wp\/v2\/pages\/1882\/revisions"}],"predecessor-version":[{"id":1992,"href":"https:\/\/drserapozdamar.com\/index.php?rest_route=\/wp\/v2\/pages\/1882\/revisions\/1992"}],"wp:attachment":[{"href":"https:\/\/drserapozdamar.com\/index.php?rest_route=%2Fwp%2Fv2%2Fmedia&parent=1882"}],"curies":[{"name":"wp","href":"https:\/\/api.w.org\/{rel}","templated":true}]}}