{"id":1644,"date":"2024-12-07T20:15:28","date_gmt":"2024-12-07T20:15:28","guid":{"rendered":"https:\/\/drserapozdamar.com\/?page_id=1644"},"modified":"2024-12-30T07:04:15","modified_gmt":"2024-12-30T07:04:15","slug":"ortodonti","status":"publish","type":"page","link":"https:\/\/drserapozdamar.com\/?page_id=1644","title":{"rendered":"Ortodonti"},"content":{"rendered":"\t\t<div data-elementor-type=\"wp-page\" data-elementor-id=\"1644\" class=\"elementor elementor-1644\">\n\t\t\t\t<div class=\"elementor-element elementor-element-9a0f911 e-flex e-con-boxed e-con e-parent\" data-id=\"9a0f911\" data-element_type=\"container\" data-settings=\"{&quot;jet_parallax_layout_list&quot;:[]}\">\n\t\t\t\t\t<div class=\"e-con-inner\">\n\t\t<div class=\"elementor-element elementor-element-3056f7b e-con-full e-flex e-con e-child\" data-id=\"3056f7b\" data-element_type=\"container\" data-settings=\"{&quot;jet_parallax_layout_list&quot;:[]}\">\n\t\t\t\t<div class=\"elementor-element elementor-element-5a662c8 elementor-widget elementor-widget-image\" data-id=\"5a662c8\" data-element_type=\"widget\" data-widget_type=\"image.default\">\n\t\t\t\t<div class=\"elementor-widget-container\">\n\t\t\t\t\t\t\t\t\t\t\t\t\t<img fetchpriority=\"high\" decoding=\"async\" width=\"683\" height=\"1024\" src=\"https:\/\/drserapozdamar.com\/wp-content\/uploads\/2024\/12\/d6a857c2-eba7-4252-86d8-835b1d67054a-683x1024.jpeg\" class=\"attachment-large size-large wp-image-1840\" alt=\"\" srcset=\"https:\/\/drserapozdamar.com\/wp-content\/uploads\/2024\/12\/d6a857c2-eba7-4252-86d8-835b1d67054a-683x1024.jpeg 683w, https:\/\/drserapozdamar.com\/wp-content\/uploads\/2024\/12\/d6a857c2-eba7-4252-86d8-835b1d67054a-200x300.jpeg 200w, https:\/\/drserapozdamar.com\/wp-content\/uploads\/2024\/12\/d6a857c2-eba7-4252-86d8-835b1d67054a.jpeg 736w\" sizes=\"(max-width: 683px) 100vw, 683px\" \/>\t\t\t\t\t\t\t\t\t\t\t\t\t<\/div>\n\t\t\t\t<\/div>\n\t\t\t\t<\/div>\n\t\t<div class=\"elementor-element elementor-element-eeab813 e-con-full e-flex e-con e-child\" data-id=\"eeab813\" data-element_type=\"container\" data-settings=\"{&quot;jet_parallax_layout_list&quot;:[]}\">\n\t\t\t\t<div class=\"elementor-element elementor-element-620b64b elementor-widget elementor-widget-heading\" data-id=\"620b64b\" data-element_type=\"widget\" data-widget_type=\"heading.default\">\n\t\t\t\t<div class=\"elementor-widget-container\">\n\t\t\t<h2 class=\"elementor-heading-title elementor-size-default\">Ortodonti Nedir?<\/h2>\t\t<\/div>\n\t\t\t\t<\/div>\n\t\t\t\t<div class=\"elementor-element elementor-element-bc71edd elementor-widget elementor-widget-text-editor\" data-id=\"bc71edd\" data-element_type=\"widget\" data-widget_type=\"text-editor.default\">\n\t\t\t\t<div class=\"elementor-widget-container\">\n\t\t\t\t\t\t\t<p class=\"MsoNormal\">Di\u015f Hekimli\u011fi\u2019nin dallar\u0131ndan biri olan\u00a0<b>ortodonti<\/b>; alt ve \u00fcst \u00e7enede var olan yap\u0131sal bozukluklar ba\u015fta olmak \u00fczere aral\u0131kl\u0131 di\u015f, di\u015flere ba\u011fl\u0131 olarak g\u00f6r\u00fclen kapan\u0131\u015f bozukluklar\u0131 ve di\u015f \u00e7apra\u015f\u0131kl\u0131klar\u0131n\u0131n tedavisi ile ilgilenen bir bilim dal\u0131d\u0131r.<\/p>\t\t\t\t\t\t<\/div>\n\t\t\t\t<\/div>\n\t\t\t\t<\/div>\n\t\t\t\t\t<\/div>\n\t\t\t\t<\/div>\n\t\t<div class=\"elementor-element elementor-element-c378ecc e-flex e-con-boxed e-con e-parent\" data-id=\"c378ecc\" data-element_type=\"container\" data-settings=\"{&quot;jet_parallax_layout_list&quot;:[]}\">\n\t\t\t\t\t<div class=\"e-con-inner\">\n\t\t\t\t<div class=\"elementor-element elementor-element-3eee940 elementor-widget elementor-widget-text-editor\" data-id=\"3eee940\" data-element_type=\"widget\" data-widget_type=\"text-editor.default\">\n\t\t\t\t<div class=\"elementor-widget-container\">\n\t\t\t\t\t\t\t<p class=\"MsoNormal\"><b>Ortodonti tedavisi nas\u0131l yap\u0131l\u0131r?<o:p><\/o:p><\/b><\/p><p class=\"MsoNormal\">Ortodontik tedaviler; Ortodonti uzman\u0131n\u0131n yapaca\u011f\u0131 klinik\nmuayenenin ard\u0131ndan hastadan al\u0131nan r\u00f6ntgen ve al\u00e7\u0131 modellerinin \u00fczerinde \u00f6l\u00e7\u00fcm\nve analizler sonras\u0131nda konulan te\u015fhis do\u011frultusunda planlanmaktad\u0131r. S\u00f6zkonusu\ntedavi y\u00f6ntemi; konulan te\u015fhisin ard\u0131ndan \u00e7\u0131kar\u0131lan tedavi plan\u0131na g\u00f6re sabit\nya da tak\u0131p \u00e7\u0131kar\u0131labilen \u00e7e\u015fitli aparatlar\u0131n yard\u0131m\u0131yla yap\u0131l\u0131r. Bu\naparatlar\u0131n hangi \u015fekilde olaca\u011f\u0131 tedavinin gereklerine g\u00f6re belirlenir.<o:p><\/o:p><\/p><p class=\"MsoNormal\"><b>Ortodonti tedavisi kimler taraf\u0131ndan yap\u0131l\u0131r?<o:p><\/o:p><\/b><\/p><p class=\"MsoNormal\">Ortodontik tedaviler; 5 y\u0131ll\u0131k di\u015f hekimli\u011fi e\u011fitiminin\nard\u0131ndan en az 4 y\u0131l ortodonti uzmanl\u0131\u011f\u0131 e\u011fitimini tamamlayarak \u2018Ortodondist\u2019\n\u00fcnvan\u0131 alm\u0131\u015f uzman hekimler taraf\u0131ndan yap\u0131lmaktad\u0131r.<o:p><\/o:p><\/p><p class=\"MsoNormal\"><b>Ortodonti Tedavi \u00c7e\u015fitleri Nelerdir?<o:p><\/o:p><\/b><\/p><p class=\"MsoNormal\">G\u00fcn\u00fcm\u00fczde yayg\u0131n olarak kullan\u0131lan 4 tip ortodonti tedavi\ny\u00f6ntemi bulunmaktad\u0131r. \u0130\u015flem s\u0131ras\u0131nda kullan\u0131lacak olan teller hastan\u0131n sahip\noldu\u011fu yap\u0131sal bozuklu\u011fa ve hastalar\u0131n beklentisine g\u00f6re de\u011fi\u015fiklik\ng\u00f6sterebilmektedir. \u00c7apra\u015f\u0131kl\u0131\u011f\u0131n \u00e7ok \u015fiddetli olmad\u0131\u011f\u0131 durumlarda tel\ntak\u0131lmadan \u015feffaf plaklar yard\u0131m\u0131yla yap\u0131l.g\u00fcn\u00fcm\u00fczde bu tedavi \u015fekli s\u0131kl\u0131kla\nuygulanmaktad\u0131r.<o:p><\/o:p><\/p><ul style=\"margin-top:0cm\" type=\"disc\">\n <li class=\"MsoNormal\">Metal\n     Di\u015f Teli (Metal Braketler): Dayan\u0131kl\u0131 olmas\u0131n\u0131n yan\u0131 s\u0131ra en \u00e7ok\n     kullan\u0131lan di\u015f tellerinden biri olan metal braketler yard\u0131m\u0131yla bozuklu\u011fun\n     derecesine g\u00f6re 6 ay ile 2 y\u0131l gibi bir s\u00fcrede iyile\u015fme\n     sa\u011flanabilmektedir.<o:p><\/o:p><\/li>\n <li class=\"MsoNormal\">\u015eeffaf\n     Di\u015f Teli (Porselen Braketler): \u015eeffaf di\u015f telleri porselen bazl\u0131 bir\n     materyalden \u00fcretildi\u011fi i\u00e7in \u00e7ok daha estetik bir g\u00f6r\u00fcn\u00fcme sahiptir. Ancak\n     metal di\u015f teli kadar dayan\u0131kl\u0131 olmayaca\u011f\u0131 i\u00e7in daha dikkatli kullan\u0131lmas\u0131\n     gerekmektedir.<o:p><\/o:p><\/li>\n <li class=\"MsoNormal\">Lingual\n     Di\u015f Teli (Lingual Braketler): Di\u015f tellerinin rahats\u0131z edici g\u00f6r\u00fcn\u00fc\u015f\u00fc\n     ortadan kald\u0131rmak i\u00e7in geli\u015ftirilen lingual di\u015f telleri; metal veya \u015feffaf\n     di\u015f tellerine benzer durumlarda kullan\u0131labilmektedir.<o:p><\/o:p><\/li>\n<\/ul><p class=\"MsoNormal\"><b>Ortodonti tedavisi her ya\u015fa uygulanabilir mi?<o:p><\/o:p><\/b><\/p><p class=\"MsoNormal\">Ortodonti tedavilerinde herhangi bir ya\u015f s\u0131n\u0131r\u0131 olmamakla\nbirlikte, di\u015fleri \u00e7evreleyen kemikleri sa\u011fl\u0131kl\u0131 olan herkese ortodonti tedavisi\nuygulanabilmektedir. \u00c7ene kemiklerinde bir d\u00fczensizli\u011fin bulunmas\u0131 durumunda\nise yap\u0131lacak ortopedik tedavinin ard\u0131ndan tedavinin zamanlamas\u0131na hasta\nmuayene edildikten sonra karar verilmektedir.<o:p><\/o:p><\/p><p class=\"MsoNormal\"><b>Ortodonti tedavisi ne kadar s\u00fcrer?<o:p><\/o:p><\/b><\/p><p class=\"MsoNormal\">Ortodontik tedavilerin s\u00fcresi bireyin durumuna ve yap\u0131lacak\ntedavinin \u015fekline g\u00f6re de\u011fi\u015fiklik g\u00f6stermektedir. Bu a\u015famada tedaviyi\nger\u00e7ekle\u015ftirecek ortodontistin \u00f6ncelikli hedefi h\u0131zl\u0131 bir \u015fekilde ilerlemekten\nziyade dokular zarar g\u00f6rmeden estetik ve fizyolojik a\u00e7\u0131s\u0131ndan en iyi sonucu\nalabilmektedir.<o:p><\/o:p><\/p><p class=\"MsoNormal\">Sadece di\u015fleri ilgilendiren bozukluklar\u0131n tedavisi, di\u015flerle\nbirlikte \u00e7ene d\u00fczensizlikleri olan bozukluklar\u0131n tedavisine oranla daha k\u0131sa\ns\u00fcrmektedir. Problemin \u015fiddeti, ya\u015f ve tedaviye g\u00f6sterilen uyuma ba\u011fl\u0131 olarak\ntedavi s\u00fcresi yakla\u015f\u0131k 6 ay ile 3 y\u0131l aras\u0131nda de\u011fi\u015fiklik g\u00f6stermektedir.<o:p><\/o:p><\/p><p class=\"MsoNormal\"><b>Tedavi s\u0131ras\u0131nda a\u011fr\u0131 veya ac\u0131 duyulur mu?<o:p><\/o:p><\/b><\/p><p class=\"MsoNormal\">Braketlerin di\u015flerinize tak\u0131lmas\u0131 s\u0131ras\u0131nda herhangi bir\n\u015fekilde can\u0131n\u0131z\u0131n yanmas\u0131 s\u00f6zkonusu de\u011fildir.Braketlerin tak\u0131lmas\u0131n\u0131n ardndan\n1-2 g\u00fcn hassasiyet olu\u015fabilir.Ayl\u0131k periyodlar\u0131n\u0131z s\u0131ras\u0131nda di\u015flerinizin\n\u00fczerindeki ark telleri de\u011fi\u015ftirilip tekrar kuvvet uygulanaca\u011f\u0131ndan, i\u015flem\ns\u0131ras\u0131nda k\u0131sa s\u00fcreli hafif bir hassasiyet hissetmeniz normaldir.<o:p><\/o:p><\/p><p class=\"MsoNormal\"><b>Tedavi s\u00fcresince nelere dikkat etmek gerekir?<o:p><\/o:p><\/b><\/p><p class=\"MsoNormal\">Tedavinin ba\u015far\u0131ya ula\u015fmas\u0131 i\u00e7in en \u00f6nemli fakt\u00f6rlerin\nba\u015f\u0131nda iyi bir a\u011f\u0131z hijyeni gelir. Di\u015f ve di\u015f etlerinin sa\u011fl\u0131\u011f\u0131 tedavinin\nba\u015far\u0131 ve s\u00fcresini do\u011frudan etkilemektedir.<o:p><\/o:p><\/p><p class=\"MsoNormal\">Tedavi esnas\u0131nda elma ve havu\u00e7 gibi sert g\u0131dalar\u0131 \u0131s\u0131rarak\nyemek yerine, k\u00fc\u00e7\u00fck par\u00e7alara ay\u0131rarak yemek gerekir. F\u0131nd\u0131k, ceviz gibi\nkuruyemi\u015flerin yan\u0131 s\u0131ra kiraz, erik ve zeytin gibi besin maddelerinin\n\u00e7ekirdekleri \u00e7\u0131kar\u0131lmadan yenilmesi a\u011f\u0131zdaki braketlere zarar verme olas\u0131l\u0131\u011f\u0131\noldu\u011fundan uygun de\u011fildir.<o:p><\/o:p><\/p><p class=\"MsoNormal\">Yine bu d\u00f6nemde asitli yiyecek i\u00e7eceklerin t\u00fcketilmemesi\nveya pipet yard\u0131m\u0131yla t\u00fcketilmesi \u00f6nerilir.<o:p><\/o:p><\/p><p class=\"MsoNormal\"><b>Braketlerin bak\u0131m\u0131 ve a\u011f\u0131z temizli\u011fi i\u00e7in neler\nyap\u0131lmal\u0131d\u0131r?<o:p><\/o:p><\/b><\/p><p>\n\n\n\n\n\n\n\n\n\n\n\n\n\n\n\n\n\n\n\n\n\n\n\n\n\n\n\n\n\n\n\n\n\n\n\n\n\n<\/p><p class=\"MsoNormal\">Tedavi s\u00fcresince dikkat edilmesi gereken en \u00f6nemli husus ne\nyenilirse yenilsin yemekten hemen sonra di\u015flerin f\u0131r\u00e7alanmas\u0131d\u0131r. Her\nf\u0131r\u00e7alamadan sonra braketlerin etraf\u0131n\u0131n yeterince temizlenip temizlenmedi\u011fi\naynada dikkatlice kontrol edilmelidir.\u00c7\u00fcnk\u00fc braketler besin art\u0131\u011f\u0131 ve bakteri\npla\u011f\u0131 birikimi i\u00e7in olduk\u00e7a uygun bir dizayna sahiptirler. Bu nedenle di\u015f\nf\u0131r\u00e7alaman\u0131n yan\u0131nda g\u00fcnde bir kez ak\u015famlar\u0131 di\u015f ipiyle veya ara y\u00fcz\nf\u0131r\u00e7alar\u0131yla braketlerin ve di\u015flerin aras\u0131 iyice temizlenmelidir. Ayr\u0131ca her 6\nayda bir mutlaka di\u015f ve di\u015fetlerinin kontrol\u00fc ve gerekiyorsa bak\u0131m\u0131\nyapt\u0131r\u0131lmal\u0131d\u0131r.<o:p><\/o:p><\/p>\t\t\t\t\t\t<\/div>\n\t\t\t\t<\/div>\n\t\t\t\t\t<\/div>\n\t\t\t\t<\/div>\n\t\t\t\t<\/div>\n\t\t","protected":false},"excerpt":{"rendered":"<p>Ortodonti Nedir? Di\u015f Hekimli\u011fi\u2019nin dallar\u0131ndan biri olan\u00a0ortodonti; alt ve \u00fcst \u00e7enede var olan yap\u0131sal bozukluklar ba\u015fta olmak \u00fczere aral\u0131kl\u0131 di\u015f, di\u015flere ba\u011fl\u0131 olarak g\u00f6r\u00fclen kapan\u0131\u015f bozukluklar\u0131 ve di\u015f \u00e7apra\u015f\u0131kl\u0131klar\u0131n\u0131n tedavisi ile ilgilenen bir bilim dal\u0131d\u0131r. Ortodonti tedavisi nas\u0131l yap\u0131l\u0131r? Ortodontik tedaviler; Ortodonti uzman\u0131n\u0131n yapaca\u011f\u0131 klinik muayenenin ard\u0131ndan hastadan al\u0131nan r\u00f6ntgen ve al\u00e7\u0131 modellerinin \u00fczerinde \u00f6l\u00e7\u00fcm [&hellip;]<\/p>\n","protected":false},"author":1,"featured_media":0,"parent":0,"menu_order":0,"comment_status":"closed","ping_status":"closed","template":"","meta":{"_acf_changed":false,"footnotes":""},"class_list":["post-1644","page","type-page","status-publish","hentry"],"acf":[],"_links":{"self":[{"href":"https:\/\/drserapozdamar.com\/index.php?rest_route=\/wp\/v2\/pages\/1644"}],"collection":[{"href":"https:\/\/drserapozdamar.com\/index.php?rest_route=\/wp\/v2\/pages"}],"about":[{"href":"https:\/\/drserapozdamar.com\/index.php?rest_route=\/wp\/v2\/types\/page"}],"author":[{"embeddable":true,"href":"https:\/\/drserapozdamar.com\/index.php?rest_route=\/wp\/v2\/users\/1"}],"replies":[{"embeddable":true,"href":"https:\/\/drserapozdamar.com\/index.php?rest_route=%2Fwp%2Fv2%2Fcomments&post=1644"}],"version-history":[{"count":7,"href":"https:\/\/drserapozdamar.com\/index.php?rest_route=\/wp\/v2\/pages\/1644\/revisions"}],"predecessor-version":[{"id":1845,"href":"https:\/\/drserapozdamar.com\/index.php?rest_route=\/wp\/v2\/pages\/1644\/revisions\/1845"}],"wp:attachment":[{"href":"https:\/\/drserapozdamar.com\/index.php?rest_route=%2Fwp%2Fv2%2Fmedia&parent=1644"}],"curies":[{"name":"wp","href":"https:\/\/api.w.org\/{rel}","templated":true}]}}