{"id":1642,"date":"2024-12-07T20:15:15","date_gmt":"2024-12-07T20:15:15","guid":{"rendered":"https:\/\/drserapozdamar.com\/?page_id=1642"},"modified":"2024-12-07T21:33:55","modified_gmt":"2024-12-07T21:33:55","slug":"endodonti","status":"publish","type":"page","link":"https:\/\/drserapozdamar.com\/?page_id=1642","title":{"rendered":"Endodonti"},"content":{"rendered":"\t\t<div data-elementor-type=\"wp-page\" data-elementor-id=\"1642\" class=\"elementor elementor-1642\">\n\t\t\t\t<div class=\"elementor-element elementor-element-1f18dd1 e-flex e-con-boxed e-con e-parent\" data-id=\"1f18dd1\" data-element_type=\"container\" data-settings=\"{&quot;jet_parallax_layout_list&quot;:[]}\">\n\t\t\t\t\t<div class=\"e-con-inner\">\n\t\t<div class=\"elementor-element elementor-element-9059d8c e-con-full e-flex e-con e-child\" data-id=\"9059d8c\" data-element_type=\"container\" data-settings=\"{&quot;jet_parallax_layout_list&quot;:[]}\">\n\t\t\t\t<div class=\"elementor-element elementor-element-5e50435 elementor-widget elementor-widget-image\" data-id=\"5e50435\" data-element_type=\"widget\" data-widget_type=\"image.default\">\n\t\t\t\t<div class=\"elementor-widget-container\">\n\t\t\t\t\t\t\t\t\t\t\t\t\t<img decoding=\"async\" src=\"https:\/\/drserapozdamar.com\/wp-content\/plugins\/elementor\/assets\/images\/placeholder.png\" title=\"\" alt=\"\" loading=\"lazy\" \/>\t\t\t\t\t\t\t\t\t\t\t\t\t<\/div>\n\t\t\t\t<\/div>\n\t\t\t\t<\/div>\n\t\t<div class=\"elementor-element elementor-element-6cace7a e-con-full e-flex e-con e-child\" data-id=\"6cace7a\" data-element_type=\"container\" data-settings=\"{&quot;jet_parallax_layout_list&quot;:[]}\">\n\t\t\t\t<div class=\"elementor-element elementor-element-3e68758 elementor-widget elementor-widget-heading\" data-id=\"3e68758\" data-element_type=\"widget\" data-widget_type=\"heading.default\">\n\t\t\t\t<div class=\"elementor-widget-container\">\n\t\t\t<h2 class=\"elementor-heading-title elementor-size-default\">Endodonti Nedir?<\/h2>\t\t<\/div>\n\t\t\t\t<\/div>\n\t\t\t\t<div class=\"elementor-element elementor-element-a067749 elementor-widget elementor-widget-text-editor\" data-id=\"a067749\" data-element_type=\"widget\" data-widget_type=\"text-editor.default\">\n\t\t\t\t<div class=\"elementor-widget-container\">\n\t\t\t\t\t\t\t<p><span style=\"letter-spacing: 0.27px;\"><b>D<\/b>i\u015f, di\u015f k\u00f6kleri ve \u00e7evre dokulardaki hastal\u0131klar\u0131 te\u015fhis edip, s\u00f6z konusu hastal\u0131klar\u0131n nedeni, \u00f6nlenmesi ve tedavisini konu edinen di\u015f hekimli\u011finin anabilim dallar\u0131ndan biridir. Ba\u015fka bir deyi\u015fle Endodonti; di\u015f pulpas\u0131 ve di\u015fi \u00e7evreleyen dokularla ilgili hastal\u0131klar\u0131n te\u015fhisi ve tedavisi ile ilgilenen di\u015f hekimli\u011fi bran\u015f\u0131d\u0131r.<\/span><\/p>\t\t\t\t\t\t<\/div>\n\t\t\t\t<\/div>\n\t\t\t\t<\/div>\n\t\t\t\t\t<\/div>\n\t\t\t\t<\/div>\n\t\t<div class=\"elementor-element elementor-element-c27dc90 e-flex e-con-boxed e-con e-parent\" data-id=\"c27dc90\" data-element_type=\"container\" data-settings=\"{&quot;jet_parallax_layout_list&quot;:[]}\">\n\t\t\t\t\t<div class=\"e-con-inner\">\n\t\t\t\t<div class=\"elementor-element elementor-element-cdeba04 elementor-widget elementor-widget-text-editor\" data-id=\"cdeba04\" data-element_type=\"widget\" data-widget_type=\"text-editor.default\">\n\t\t\t\t<div class=\"elementor-widget-container\">\n\t\t\t\t\t\t\t<p><b style=\"color: var( --e-global-color-text ); font-family: var( --e-global-typography-text-font-family ), Sans-serif; text-align: var(--text-align); letter-spacing: 0.27px;\">Endodonti \u0130\u015flemini Gerektiren Durumlar Nelerdir?<\/b><\/p><ul style=\"margin-top: 0cm;\" type=\"disc\"><li>A\u011fr\u0131 kesicilerle dahi ge\u00e7meyen di\u015fte meydana gelen a\u011fr\u0131,<\/li><li>Di\u015f etraf\u0131nda, di\u015f etinde veya lenf bezlerinde meydana gelen \u015fi\u015flik,<\/li><li>So\u011fuk ve s\u0131ca\u011fa kar\u015f\u0131 a\u015f\u0131r\u0131 hassasiyet,<\/li><li>Geceleri art\u0131\u015f g\u00f6steren keskin ac\u0131,<\/li><li>Enfeksiyon kaynakl\u0131 di\u015fte renk de\u011fi\u015fimi<\/li><\/ul><p>gibi durumlarda mutlaka endodonti uzman\u0131na ba\u015fvurulmal\u0131d\u0131r.<\/p><p>Endodonti Tedavisi Nas\u0131l Yap\u0131l\u0131r?<\/p><p>Halk aras\u0131nda kanal tedavisi olarak da bilinen endodonti tedavisi; \u00e7\u00fcr\u00fcm\u00fc\u015f ya da enfekte olmu\u015f di\u015fi kurtarmak amac\u0131yla yap\u0131lmaktad\u0131r.\u00a0Tedavinin uygulama a\u015famalar\u0131, hastan\u0131n \u015fikayetini bildirmesinin ard\u0131ndan yap\u0131lan kontrol muayenesi ile birlikte ba\u015flar.<\/p><ul style=\"margin-top: 0cm;\" type=\"disc\"><li>\u00c7\u00fcr\u00fck ya da k\u0131r\u0131\u011f\u0131n sinirlere ula\u015ft\u0131\u011f\u0131n\u0131n tespit edilmesi durumunda hastaya kanal tedavisi uygulanaca\u011f\u0131 belirtilir.<\/li><li>Yakla\u015f\u0131k 1 saat s\u00fcrecek i\u015flem s\u0131ras\u0131nda hastan\u0131n \u00e7\u00fcr\u00fck di\u015fi \u00f6ncelikle uyu\u015fturulur.<\/li><li>\u00c7\u00fcr\u00fck di\u015fin i\u00e7i temizlendikten sonra sinir dokusu \u00e7\u0131kar\u0131larak, \u00e7e\u015fitli sol\u00fcsyonlarla kanal i\u00e7i y\u0131kan\u0131r.<\/li><li>K\u00f6k sonuna do\u011fru kanallar\u0131n temizli\u011fi yap\u0131larak kanallar\u0131n geni\u015flemesi sa\u011flan\u0131r. Ard\u0131ndan bo\u015falt\u0131l\u0131p, geni\u015fletilip, temzilenen kanallar doldurulur.<\/li><\/ul><p><b>A\u011fr\u0131yan her di\u015fe kanal tedavisi yap\u0131l\u0131r m\u0131?<\/b><\/p><p>A\u011fr\u0131yan ya da \u00e7\u00fcr\u00fcyen her di\u015fe kanal tedavisi yap\u0131lmaz. Kanal tedavisi karar\u0131 hekim taraf\u0131ndan detayl\u0131 bir a\u011f\u0131z i\u00e7i muayene ve r\u00f6ntgen sonras\u0131 verilir.<\/p><p><b>Kanal tedavisi yap\u0131lan bir di\u015fin \u00f6mr\u00fc ne kadard\u0131r?<\/b><\/p><p>Kanal tedavisi uygulanm\u0131\u015f di\u015fler; uzun y\u0131llar a\u011f\u0131zda kalarak, \u00e7i\u011fneme fonksiyonunun devaml\u0131l\u0131\u011f\u0131na ve estetiksel anlamda g\u00fczel bir g\u00f6r\u00fcn\u00fcm\u00fcn elde edilmesine olanak sa\u011flamaktad\u0131r. \u0130yi bir kanal tedavisi yap\u0131lan di\u015f, do\u011fru a\u011f\u0131z ve di\u015f bak\u0131m\u0131 ile bir \u00f6m\u00fcr boyu kullan\u0131labilmektedir. Tedavi edilen di\u015fte tekrar \u00e7\u00fcr\u00fck olu\u015fmas\u0131 riskine kar\u015f\u0131 d\u00fczenli olarak a\u011f\u0131z ve di\u015f bak\u0131m\u0131 yap\u0131larak, hekim muayenesi kesinlikle ihmal edilmemelidir.<\/p><p><b>Endodonti Tedavisi Ka\u00e7 Seans S\u00fcrer?<\/b><\/p><p>Pulpa denilen di\u015f sinirinin canl\u0131 oldu\u011fu durumlarda tedavi genellikle tek seans s\u00fcrer. Ancak di\u015fin canl\u0131l\u0131\u011f\u0131n\u0131 yitirerek, k\u00f6k ucunda enfeksiyon olmas\u0131 durumunda kanal tedavisinin seans say\u0131s\u0131 da di\u015fin durumuna g\u00f6re artacakt\u0131r.<\/p><p><b>Tedavi sonras\u0131nda hasta nelere dikkat etmelidir?<\/b><\/p><p>Kanal tedavisi di\u015fte g\u00f6r\u00fclen probleme g\u00f6re s\u0131kl\u0131kla 1 veya 2 seansta tamamlanmaktad\u0131r. Tedavi sonras\u0131 hastan\u0131n ilk 2 \u2013 3 g\u00fcn di\u015finde rahats\u0131zl\u0131k hissetmesi normaldir. Hasta di\u015f hekiminin tavsiyeleri do\u011frultusunda rahats\u0131zl\u0131k hissetmesi durumunda a\u011fr\u0131 kesici kullanabilir. Baz\u0131 vakalarda tedaviye destek olarak<\/p><p>\u00a0<\/p><p>\u00a0<\/p>\t\t\t\t\t\t<\/div>\n\t\t\t\t<\/div>\n\t\t\t\t\t<\/div>\n\t\t\t\t<\/div>\n\t\t\t\t<\/div>\n\t\t","protected":false},"excerpt":{"rendered":"<p>Endodonti Nedir? Di\u015f, di\u015f k\u00f6kleri ve \u00e7evre dokulardaki hastal\u0131klar\u0131 te\u015fhis edip, s\u00f6z konusu hastal\u0131klar\u0131n nedeni, \u00f6nlenmesi ve tedavisini konu edinen di\u015f hekimli\u011finin anabilim dallar\u0131ndan biridir. Ba\u015fka bir deyi\u015fle Endodonti; di\u015f pulpas\u0131 ve di\u015fi \u00e7evreleyen dokularla ilgili hastal\u0131klar\u0131n te\u015fhisi ve tedavisi ile ilgilenen di\u015f hekimli\u011fi bran\u015f\u0131d\u0131r. Endodonti \u0130\u015flemini Gerektiren Durumlar Nelerdir? A\u011fr\u0131 kesicilerle dahi ge\u00e7meyen di\u015fte [&hellip;]<\/p>\n","protected":false},"author":1,"featured_media":0,"parent":0,"menu_order":0,"comment_status":"closed","ping_status":"closed","template":"","meta":{"_acf_changed":false,"footnotes":""},"class_list":["post-1642","page","type-page","status-publish","hentry"],"acf":[],"_links":{"self":[{"href":"https:\/\/drserapozdamar.com\/index.php?rest_route=\/wp\/v2\/pages\/1642"}],"collection":[{"href":"https:\/\/drserapozdamar.com\/index.php?rest_route=\/wp\/v2\/pages"}],"about":[{"href":"https:\/\/drserapozdamar.com\/index.php?rest_route=\/wp\/v2\/types\/page"}],"author":[{"embeddable":true,"href":"https:\/\/drserapozdamar.com\/index.php?rest_route=\/wp\/v2\/users\/1"}],"replies":[{"embeddable":true,"href":"https:\/\/drserapozdamar.com\/index.php?rest_route=%2Fwp%2Fv2%2Fcomments&post=1642"}],"version-history":[{"count":4,"href":"https:\/\/drserapozdamar.com\/index.php?rest_route=\/wp\/v2\/pages\/1642\/revisions"}],"predecessor-version":[{"id":1751,"href":"https:\/\/drserapozdamar.com\/index.php?rest_route=\/wp\/v2\/pages\/1642\/revisions\/1751"}],"wp:attachment":[{"href":"https:\/\/drserapozdamar.com\/index.php?rest_route=%2Fwp%2Fv2%2Fmedia&parent=1642"}],"curies":[{"name":"wp","href":"https:\/\/api.w.org\/{rel}","templated":true}]}}