{"id":1640,"date":"2024-12-07T20:14:55","date_gmt":"2024-12-07T20:14:55","guid":{"rendered":"https:\/\/drserapozdamar.com\/?page_id=1640"},"modified":"2024-12-29T19:03:40","modified_gmt":"2024-12-29T19:03:40","slug":"porselen-zircoryum","status":"publish","type":"page","link":"https:\/\/drserapozdamar.com\/?page_id=1640","title":{"rendered":"Porselen\/Zircoryum"},"content":{"rendered":"\t\t<div data-elementor-type=\"wp-page\" data-elementor-id=\"1640\" class=\"elementor elementor-1640\">\n\t\t\t\t<div class=\"elementor-element elementor-element-9ee9be9 e-flex e-con-boxed e-con e-parent\" data-id=\"9ee9be9\" data-element_type=\"container\" data-settings=\"{&quot;jet_parallax_layout_list&quot;:[]}\">\n\t\t\t\t\t<div class=\"e-con-inner\">\n\t\t<div class=\"elementor-element elementor-element-798a12e e-con-full e-flex e-con e-child\" data-id=\"798a12e\" data-element_type=\"container\" data-settings=\"{&quot;jet_parallax_layout_list&quot;:[]}\">\n\t\t\t\t<div class=\"elementor-element elementor-element-15d441b elementor-widget elementor-widget-image\" data-id=\"15d441b\" data-element_type=\"widget\" data-widget_type=\"image.default\">\n\t\t\t\t<div class=\"elementor-widget-container\">\n\t\t\t\t\t\t\t\t\t\t\t\t\t<img fetchpriority=\"high\" decoding=\"async\" width=\"357\" height=\"370\" src=\"https:\/\/drserapozdamar.com\/wp-content\/uploads\/2024\/12\/IMG-20241229-WA0021.jpg\" class=\"attachment-large size-large wp-image-1794\" alt=\"\" srcset=\"https:\/\/drserapozdamar.com\/wp-content\/uploads\/2024\/12\/IMG-20241229-WA0021.jpg 357w, https:\/\/drserapozdamar.com\/wp-content\/uploads\/2024\/12\/IMG-20241229-WA0021-289x300.jpg 289w\" sizes=\"(max-width: 357px) 100vw, 357px\" \/>\t\t\t\t\t\t\t\t\t\t\t\t\t<\/div>\n\t\t\t\t<\/div>\n\t\t\t\t<div class=\"elementor-element elementor-element-d4ac7ab elementor-widget elementor-widget-image\" data-id=\"d4ac7ab\" data-element_type=\"widget\" data-widget_type=\"image.default\">\n\t\t\t\t<div class=\"elementor-widget-container\">\n\t\t\t\t\t\t\t\t\t\t\t\t\t<img decoding=\"async\" width=\"300\" height=\"280\" src=\"https:\/\/drserapozdamar.com\/wp-content\/uploads\/2024\/12\/IMG-20241229-WA0016.jpg\" class=\"attachment-large size-large wp-image-1795\" alt=\"\" \/>\t\t\t\t\t\t\t\t\t\t\t\t\t<\/div>\n\t\t\t\t<\/div>\n\t\t\t\t<div class=\"elementor-element elementor-element-e048423 elementor-widget elementor-widget-image\" data-id=\"e048423\" data-element_type=\"widget\" data-widget_type=\"image.default\">\n\t\t\t\t<div class=\"elementor-widget-container\">\n\t\t\t\t\t\t\t\t\t\t\t\t\t<img decoding=\"async\" width=\"735\" height=\"490\" src=\"https:\/\/drserapozdamar.com\/wp-content\/uploads\/2024\/12\/IMG-20241229-WA0013.jpg\" class=\"attachment-large size-large wp-image-1796\" alt=\"\" srcset=\"https:\/\/drserapozdamar.com\/wp-content\/uploads\/2024\/12\/IMG-20241229-WA0013.jpg 735w, https:\/\/drserapozdamar.com\/wp-content\/uploads\/2024\/12\/IMG-20241229-WA0013-300x200.jpg 300w\" sizes=\"(max-width: 735px) 100vw, 735px\" \/>\t\t\t\t\t\t\t\t\t\t\t\t\t<\/div>\n\t\t\t\t<\/div>\n\t\t\t\t<div class=\"elementor-element elementor-element-12f1b34 elementor-widget elementor-widget-image\" data-id=\"12f1b34\" data-element_type=\"widget\" data-widget_type=\"image.default\">\n\t\t\t\t<div class=\"elementor-widget-container\">\n\t\t\t\t\t\t\t\t\t\t\t\t\t<img loading=\"lazy\" decoding=\"async\" width=\"796\" height=\"608\" src=\"https:\/\/drserapozdamar.com\/wp-content\/uploads\/2024\/12\/IMG-20241229-WA0015.jpg\" class=\"attachment-large size-large wp-image-1798\" alt=\"\" srcset=\"https:\/\/drserapozdamar.com\/wp-content\/uploads\/2024\/12\/IMG-20241229-WA0015.jpg 796w, https:\/\/drserapozdamar.com\/wp-content\/uploads\/2024\/12\/IMG-20241229-WA0015-300x229.jpg 300w, https:\/\/drserapozdamar.com\/wp-content\/uploads\/2024\/12\/IMG-20241229-WA0015-768x587.jpg 768w\" sizes=\"(max-width: 796px) 100vw, 796px\" \/>\t\t\t\t\t\t\t\t\t\t\t\t\t<\/div>\n\t\t\t\t<\/div>\n\t\t\t\t<div class=\"elementor-element elementor-element-6627c4f elementor-widget elementor-widget-image\" data-id=\"6627c4f\" data-element_type=\"widget\" data-widget_type=\"image.default\">\n\t\t\t\t<div class=\"elementor-widget-container\">\n\t\t\t\t\t\t\t\t\t\t\t\t\t<img loading=\"lazy\" decoding=\"async\" width=\"406\" height=\"274\" src=\"https:\/\/drserapozdamar.com\/wp-content\/uploads\/2024\/12\/IMG-20241229-WA0014.jpg\" class=\"attachment-large size-large wp-image-1797\" alt=\"\" srcset=\"https:\/\/drserapozdamar.com\/wp-content\/uploads\/2024\/12\/IMG-20241229-WA0014.jpg 406w, https:\/\/drserapozdamar.com\/wp-content\/uploads\/2024\/12\/IMG-20241229-WA0014-300x202.jpg 300w\" sizes=\"(max-width: 406px) 100vw, 406px\" \/>\t\t\t\t\t\t\t\t\t\t\t\t\t<\/div>\n\t\t\t\t<\/div>\n\t\t\t\t<\/div>\n\t\t<div class=\"elementor-element elementor-element-a18807d e-con-full e-flex e-con e-child\" data-id=\"a18807d\" data-element_type=\"container\" data-settings=\"{&quot;jet_parallax_layout_list&quot;:[]}\">\n\t\t\t\t<div class=\"elementor-element elementor-element-0617d55 elementor-widget elementor-widget-heading\" data-id=\"0617d55\" data-element_type=\"widget\" data-widget_type=\"heading.default\">\n\t\t\t\t<div class=\"elementor-widget-container\">\n\t\t\t<h2 class=\"elementor-heading-title elementor-size-default\">Porselen - Zirkonyum Nedir?<\/h2>\t\t<\/div>\n\t\t\t\t<\/div>\n\t\t\t\t<div class=\"elementor-element elementor-element-2553483 elementor-widget elementor-widget-text-editor\" data-id=\"2553483\" data-element_type=\"widget\" data-widget_type=\"text-editor.default\">\n\t\t\t\t<div class=\"elementor-widget-container\">\n\t\t\t\t\t\t\t<p><strong>Porselen Kaplama Nedir?<\/strong><\/p><p>Porselen kaplama, di\u015flerin estetik g\u00f6r\u00fcn\u00fcm\u00fcn\u00fc iyile\u015ftirmek i\u00e7in uygulanan ince porselen tabakalard\u0131r. Bu kaplamalar, di\u015flerin \u015fekil, renk ve yap\u0131s\u0131n\u0131 d\u00fczeltmek amac\u0131yla di\u015fin \u00f6n y\u00fczeyine yerle\u015ftirilir. Porselen kaplamalar, do\u011fal di\u015flere en yak\u0131n sonu\u00e7lar\u0131 verdi\u011fi i\u00e7in estetik a\u00e7\u0131dan \u00e7ok tercih edilen bir tedavi se\u00e7ene\u011fidir. Porselen, \u0131\u015f\u0131\u011f\u0131 ge\u00e7irebilme \u00f6zelli\u011fi sayesinde do\u011fal di\u015flerle uyumlu bir g\u00f6r\u00fcn\u00fcm sa\u011flar.<\/p><p><strong>Zirkonyum Kaplama Nedir?<\/strong><\/p><p>Zirkonyum kaplama, estetik ve dayan\u0131kl\u0131l\u0131\u011f\u0131 birle\u015ftiren bir tedavi se\u00e7ene\u011fidir. Zirkonyum, g\u00fc\u00e7l\u00fc ve do\u011fal g\u00f6r\u00fcn\u00fcml\u00fc bir malzeme olup, porselenle k\u0131yasland\u0131\u011f\u0131nda daha dayan\u0131kl\u0131 ve uzun \u00f6m\u00fcrl\u00fcd\u00fcr. \u00d6zellikle arka di\u015flerdeki kuvvetli \u00e7i\u011fneme bask\u0131lar\u0131na kar\u015f\u0131 daha iyi diren\u00e7 g\u00f6sterir. Zirkonyum, di\u015flerinizin do\u011fal beyaz rengini ve \u015feffafl\u0131\u011f\u0131n\u0131 taklit edebilir.<\/p>\t\t\t\t\t\t<\/div>\n\t\t\t\t<\/div>\n\t\t\t\t<\/div>\n\t\t\t\t\t<\/div>\n\t\t\t\t<\/div>\n\t\t<div class=\"elementor-element elementor-element-bf261ea e-flex e-con-boxed e-con e-parent\" data-id=\"bf261ea\" data-element_type=\"container\" data-settings=\"{&quot;jet_parallax_layout_list&quot;:[]}\">\n\t\t\t\t\t<div class=\"e-con-inner\">\n\t\t\t\t<div class=\"elementor-element elementor-element-459088b elementor-widget elementor-widget-text-editor\" data-id=\"459088b\" data-element_type=\"widget\" data-widget_type=\"text-editor.default\">\n\t\t\t\t<div class=\"elementor-widget-container\">\n\t\t\t\t\t\t\t<p><strong style=\"color: var( --e-global-color-text ); font-family: var( --e-global-typography-text-font-family ), Sans-serif; text-align: var(--text-align); letter-spacing: 0.27px;\">Porselen Kaplama Kimlere Uygulan\u0131r?<\/strong><\/p>\n<p>Porselen kaplama tedavisi, genellikle a\u015fa\u011f\u0131daki durumlarda tercih edilir:<\/p>\n<ul>\n<li>Di\u015flerin estetik g\u00f6r\u00fcn\u00fcm\u00fcn\u00fc d\u00fczeltmek isteyen ki\u015filer,<\/li>\n<li>Di\u015flerdeki k\u0131r\u0131klar veya a\u015f\u0131r\u0131 \u00e7\u00fcr\u00fcmeler sonucu madde kayb\u0131 olan ki\u015filer,<\/li>\n<li>Di\u015f renginden memnun olmayan bireyler,<\/li>\n<li>Di\u015flerin \u015fekli bozulmu\u015f veya k\u00fc\u00e7\u00fck \u00e7apra\u015f\u0131kl\u0131klar meydana gelmi\u015f ki\u015filer.<\/li>\n<\/ul>\n<p><strong>Porselen Kaplaman\u0131n Avantajlar\u0131<\/strong><\/p>\n<ul>\n<li>I\u015f\u0131k ge\u00e7irgenli\u011fi sayesinde do\u011fal di\u015fe \u00e7ok yak\u0131n bir renk ve g\u00f6r\u00fcn\u00fcm sa\u011flar.<\/li>\n<li>Dayan\u0131kl\u0131 ve uzun \u00f6m\u00fcrl\u00fcd\u00fcr.<\/li>\n<li>\u00c7ay, kahve, sigara gibi etkenlerden dolay\u0131 renk de\u011fi\u015fimi yapmaz.<\/li>\n<li>Di\u011fer di\u015f tedavilerine k\u0131yasla daha az a\u015f\u0131nd\u0131rma gerektirir.<\/li>\n<li>D\u00fc\u015f\u00fck hassasiyetle uygulama yap\u0131labilir ve sonras\u0131nda rahatl\u0131kla kullan\u0131labilir.<\/li>\n<\/ul>\n<p><strong>Porselen Kaplama Uygulamas\u0131n\u0131n Kullan\u0131m \u00d6mr\u00fc<\/strong><\/p>\n<p>Porselen kaplamalar\u0131n kullan\u0131m \u00f6mr\u00fc, a\u011f\u0131z hijyenine ve d\u00fczenli di\u015f hekimi kontrol\u00fcne ba\u011fl\u0131 olarak 10-15 y\u0131l s\u00fcrebilir. Di\u015f bak\u0131m\u0131 d\u00fczg\u00fcn yap\u0131ld\u0131\u011f\u0131nda kaplamalar\u0131n \u00f6mr\u00fc uzar.<\/p>\n<p><strong>Porselen Kaplama Uygulamas\u0131 Ne Kadar S\u00fcrer?<\/strong><\/p>\n<p>Porselen kaplamalar\u0131n laboratuvar \u00fcretim s\u00fcresi yakla\u015f\u0131k 3-5 g\u00fcnd\u00fcr. Ancak, bu s\u00fcre g\u00fcl\u00fc\u015f tasar\u0131m\u0131 ve di\u011fer detayl\u0131 \u00f6n \u00e7al\u0131\u015fmalara ba\u011fl\u0131 olarak bir hafta kadar uzayabilir. Di\u015f \u00f6l\u00e7\u00fcleri al\u0131nd\u0131ktan sonra, kaplamalar\u0131n yap\u0131\u015ft\u0131r\u0131lmas\u0131 birka\u00e7 seansta tamamlan\u0131r.<\/p>\n<p><strong>Porselen Kaplama Uygulamas\u0131n\u0131n A\u015famalar\u0131<\/strong><\/p>\n<p>\u0130lk a\u015famada, di\u015flerin \u015fekli ve rengi belirlenerek g\u00fcl\u00fc\u015f tasar\u0131m\u0131 yap\u0131l\u0131r. Di\u015f etlerinin sa\u011fl\u0131kl\u0131 olmas\u0131 \u00f6nemli oldu\u011fundan, di\u015f ta\u015f\u0131 temizli\u011fi ve \u015fekil bozukluklar\u0131 d\u00fczeltilir. Ard\u0131ndan di\u015flerde k\u00fc\u00e7\u00fck bir a\u015f\u0131nd\u0131rma yap\u0131l\u0131r ve \u00f6l\u00e7\u00fcler al\u0131n\u0131r. Kaplamalar laboratuvarda haz\u0131rlan\u0131rken, ge\u00e7ici kaplamalar kullan\u0131labilir. Son a\u015famada, porselen kaplamalar di\u015fe yerle\u015ftirilir.<\/p>\n<p><strong>Porselen Kaplamada Protezler D\u00fc\u015fer Mi?<\/strong><\/p>\n<p>Porselen kaplamalar, \u00f6zel yap\u0131\u015ft\u0131r\u0131c\u0131lar ve adeziv tekniklerle di\u015fe sabitlenir. Bu nedenle d\u00fc\u015fme veya \u00e7\u0131kma riski yoktur.<\/p>\n<p><strong>Porselen Kaplama Tedavisi Ac\u0131 Verir Mi?<\/strong><\/p>\n<p>Tedavi s\u0131ras\u0131nda lokal anestezi uyguland\u0131\u011f\u0131 i\u00e7in herhangi bir a\u011fr\u0131 hissedilmez. Ge\u00e7ici kaplamalar yerle\u015ftirildikten sonra hafif hassasiyet hissedilebilir.<\/p>\n<p><strong>Tedaviden Sonra Nelere Dikkat Edilmelidir?<\/strong><\/p>\n<p>Porselen kaplamalar sonras\u0131nda, sert g\u0131dalar \u00e7i\u011fnemekten ve di\u015f g\u0131c\u0131rdatmaktan ka\u00e7\u0131n\u0131lmal\u0131d\u0131r. Ayr\u0131ca d\u00fczenli di\u015f hekimi kontrollerine gitmek, kaplamalar\u0131n uzun s\u00fcre dayanmas\u0131n\u0131 sa\u011flar.<\/p>\n<hr>\n<p><strong style=\"color: var( --e-global-color-text ); font-family: var( --e-global-typography-text-font-family ), Sans-serif; text-align: var(--text-align); letter-spacing: 0.27px;\">Zirkonyum Kaplama Kimlere Uygulan\u0131r?<\/strong><\/p>\n<p>Zirkonyum kaplama, genellikle a\u015fa\u011f\u0131daki durumlarda tercih edilir:<\/p>\n<ul>\n<li>Arka di\u015flerdeki k\u0131r\u0131klar, \u00e7atlamalar ve a\u015f\u0131nmalar\u0131n onar\u0131lmas\u0131,<\/li>\n<li>\u00c7apra\u015f\u0131kl\u0131k, di\u015f \u015fekli bozukluklar\u0131 ve renk problemleri olan bireyler,<\/li>\n<li>Alerjik reaksiyonlar g\u00f6steren ki\u015filerde metal i\u00e7ermeyen kaplama ihtiyac\u0131,<\/li>\n<li>Dayan\u0131kl\u0131 ve uzun \u00f6m\u00fcrl\u00fc estetik bir \u00e7\u00f6z\u00fcm arayanlar.<\/li>\n<\/ul>\n<p><strong>Zirkonyum Kaplaman\u0131n Avantajlar\u0131<\/strong><\/p>\n<ul>\n<li>Dayan\u0131kl\u0131 ve g\u00fc\u00e7l\u00fcd\u00fcr, \u00f6zellikle arka di\u015flerde y\u00fcksek \u00e7i\u011fneme kuvvetine dayan\u0131r.<\/li>\n<li>Metal i\u00e7ermedi\u011fi i\u00e7in alerji riski yoktur.<\/li>\n<li>Di\u015flerin do\u011fal beyazl\u0131\u011f\u0131na yak\u0131n bir g\u00f6r\u00fcn\u00fcm sa\u011flar.<\/li>\n<li>I\u015f\u0131k ge\u00e7irgenli\u011fi \u00f6zelli\u011fiyle do\u011fal di\u015flere benzer estetik bir sonu\u00e7 elde edilir.<\/li>\n<li>A\u011f\u0131zda herhangi bir metalik leke veya renk de\u011fi\u015fimi yapmaz.<\/li>\n<\/ul>\n<p><strong>Zirkonyum Kaplama Uygulamas\u0131n\u0131n Kullan\u0131m \u00d6mr\u00fc<\/strong><\/p>\n<p>Zirkonyum kaplamalar, d\u00fczenli bak\u0131m ve hijyenle 15-20 y\u0131l kadar dayanabilir. Di\u015f bak\u0131m\u0131 \u00f6nemlidir; bu s\u00fcrenin uzamas\u0131 m\u00fcmk\u00fcnd\u00fcr.<\/p>\n<p><strong>Zirkonyum Kaplama Uygulamas\u0131 Ne Kadar S\u00fcrer?<\/strong><\/p>\n<p>Zirkonyum kaplama s\u00fcreci, laboratuvar a\u015famalar\u0131 dahil 5-7 g\u00fcn s\u00fcrebilir. Di\u015f \u00f6l\u00e7\u00fcleri al\u0131nd\u0131ktan sonra, kaplamalar\u0131n yerle\u015ftirilmesi bir hafta i\u00e7inde tamamlanabilir.<\/p>\n<p><strong>Zirkonyum Kaplama Uygulamas\u0131n\u0131n A\u015famalar\u0131<\/strong><\/p>\n<p>Zirkonyum kaplama i\u015flemi, ilk olarak di\u015flerin \u015fekil ve renk tasar\u0131m\u0131n\u0131n yap\u0131lmas\u0131yla ba\u015flar. Di\u015f etlerinin sa\u011fl\u0131\u011f\u0131na \u00f6nem verilerek, gerekli temizlikler yap\u0131l\u0131r. Ard\u0131ndan, di\u015flerde a\u015f\u0131nd\u0131rma i\u015flemi yap\u0131l\u0131r ve \u00f6l\u00e7\u00fcler al\u0131n\u0131r. Zirkonyum kaplamalar laboratuvarda haz\u0131rlan\u0131rken, ge\u00e7ici kaplamalar uygulanabilir. Son olarak, zirkonyum kaplamalar di\u015flere yerle\u015ftirilir.<\/p>\n<p><strong>Zirkonyum Kaplamada Protezler D\u00fc\u015fer Mi?<\/strong><\/p>\n<p>Zirkonyum kaplamalar, \u00f6zel yap\u0131\u015ft\u0131r\u0131c\u0131larla di\u015fe sabitlenir ve d\u00fc\u015fme riski yoktur.<\/p>\n<p><strong>Zirkonyum Kaplama Tedavisi Ac\u0131 Verir Mi?<\/strong><\/p>\n<p>Tedavi s\u0131ras\u0131nda lokal anestezi uyguland\u0131\u011f\u0131 i\u00e7in a\u011fr\u0131 hissedilmez. Ge\u00e7ici kaplamalar yerle\u015ftirildi\u011finde ise hassasiyet g\u00f6r\u00fclebilir.<\/p>\n<p><strong>Tedaviden Sonra Nelere Dikkat Edilmelidir?<\/strong><\/p>\n<p>Zirkonyum kaplamalar\u0131n uzun s\u00fcre dayan\u0131kl\u0131 olabilmesi i\u00e7in sert yiyecekleri \u00e7i\u011fnemekten, di\u015f g\u0131c\u0131rdatmaktan ve t\u0131rnak yemekten ka\u00e7\u0131n\u0131lmal\u0131d\u0131r. Ayr\u0131ca, d\u00fczenli di\u015f hekimi kontrol\u00fc yap\u0131lmal\u0131d\u0131r.<\/p>\t\t\t\t\t\t<\/div>\n\t\t\t\t<\/div>\n\t\t\t\t\t<\/div>\n\t\t\t\t<\/div>\n\t\t\t\t<\/div>\n\t\t","protected":false},"excerpt":{"rendered":"<p>Porselen &#8211; Zirkonyum Nedir? Porselen Kaplama Nedir? Porselen kaplama, di\u015flerin estetik g\u00f6r\u00fcn\u00fcm\u00fcn\u00fc iyile\u015ftirmek i\u00e7in uygulanan ince porselen tabakalard\u0131r. Bu kaplamalar, di\u015flerin \u015fekil, renk ve yap\u0131s\u0131n\u0131 d\u00fczeltmek amac\u0131yla di\u015fin \u00f6n y\u00fczeyine yerle\u015ftirilir. Porselen kaplamalar, do\u011fal di\u015flere en yak\u0131n sonu\u00e7lar\u0131 verdi\u011fi i\u00e7in estetik a\u00e7\u0131dan \u00e7ok tercih edilen bir tedavi se\u00e7ene\u011fidir. Porselen, \u0131\u015f\u0131\u011f\u0131 ge\u00e7irebilme \u00f6zelli\u011fi sayesinde do\u011fal di\u015flerle [&hellip;]<\/p>\n","protected":false},"author":1,"featured_media":0,"parent":0,"menu_order":0,"comment_status":"closed","ping_status":"closed","template":"","meta":{"_acf_changed":false,"footnotes":""},"class_list":["post-1640","page","type-page","status-publish","hentry"],"acf":[],"_links":{"self":[{"href":"https:\/\/drserapozdamar.com\/index.php?rest_route=\/wp\/v2\/pages\/1640"}],"collection":[{"href":"https:\/\/drserapozdamar.com\/index.php?rest_route=\/wp\/v2\/pages"}],"about":[{"href":"https:\/\/drserapozdamar.com\/index.php?rest_route=\/wp\/v2\/types\/page"}],"author":[{"embeddable":true,"href":"https:\/\/drserapozdamar.com\/index.php?rest_route=\/wp\/v2\/users\/1"}],"replies":[{"embeddable":true,"href":"https:\/\/drserapozdamar.com\/index.php?rest_route=%2Fwp%2Fv2%2Fcomments&post=1640"}],"version-history":[{"count":7,"href":"https:\/\/drserapozdamar.com\/index.php?rest_route=\/wp\/v2\/pages\/1640\/revisions"}],"predecessor-version":[{"id":1801,"href":"https:\/\/drserapozdamar.com\/index.php?rest_route=\/wp\/v2\/pages\/1640\/revisions\/1801"}],"wp:attachment":[{"href":"https:\/\/drserapozdamar.com\/index.php?rest_route=%2Fwp%2Fv2%2Fmedia&parent=1640"}],"curies":[{"name":"wp","href":"https:\/\/api.w.org\/{rel}","templated":true}]}}