{"id":1638,"date":"2024-12-07T20:14:26","date_gmt":"2024-12-07T20:14:26","guid":{"rendered":"https:\/\/drserapozdamar.com\/?page_id=1638"},"modified":"2024-12-29T19:01:59","modified_gmt":"2024-12-29T19:01:59","slug":"laminate-veneer","status":"publish","type":"page","link":"https:\/\/drserapozdamar.com\/?page_id=1638","title":{"rendered":"Laminate Veneer"},"content":{"rendered":"\t\t<div data-elementor-type=\"wp-page\" data-elementor-id=\"1638\" class=\"elementor elementor-1638\">\n\t\t\t\t<div class=\"elementor-element elementor-element-3728ddc e-flex e-con-boxed e-con e-parent\" data-id=\"3728ddc\" data-element_type=\"container\" data-settings=\"{&quot;jet_parallax_layout_list&quot;:[]}\">\n\t\t\t\t\t<div class=\"e-con-inner\">\n\t\t<div class=\"elementor-element elementor-element-d9879f6 e-con-full e-flex e-con e-child\" data-id=\"d9879f6\" data-element_type=\"container\" data-settings=\"{&quot;jet_parallax_layout_list&quot;:[]}\">\n\t\t\t\t<div class=\"elementor-element elementor-element-3d5f982 elementor-widget elementor-widget-image\" data-id=\"3d5f982\" data-element_type=\"widget\" data-widget_type=\"image.default\">\n\t\t\t\t<div class=\"elementor-widget-container\">\n\t\t\t\t\t\t\t\t\t\t\t\t\t<img fetchpriority=\"high\" decoding=\"async\" width=\"1024\" height=\"941\" src=\"https:\/\/drserapozdamar.com\/wp-content\/uploads\/2024\/12\/IMG-20241229-WA0017-1024x941.jpg\" class=\"attachment-large size-large wp-image-1790\" alt=\"\" srcset=\"https:\/\/drserapozdamar.com\/wp-content\/uploads\/2024\/12\/IMG-20241229-WA0017-1024x941.jpg 1024w, https:\/\/drserapozdamar.com\/wp-content\/uploads\/2024\/12\/IMG-20241229-WA0017-300x276.jpg 300w, https:\/\/drserapozdamar.com\/wp-content\/uploads\/2024\/12\/IMG-20241229-WA0017-768x706.jpg 768w, https:\/\/drserapozdamar.com\/wp-content\/uploads\/2024\/12\/IMG-20241229-WA0017.jpg 1200w\" sizes=\"(max-width: 1024px) 100vw, 1024px\" \/>\t\t\t\t\t\t\t\t\t\t\t\t\t<\/div>\n\t\t\t\t<\/div>\n\t\t\t\t<\/div>\n\t\t<div class=\"elementor-element elementor-element-4450850 e-con-full e-flex e-con e-child\" data-id=\"4450850\" data-element_type=\"container\" data-settings=\"{&quot;jet_parallax_layout_list&quot;:[]}\">\n\t\t\t\t<div class=\"elementor-element elementor-element-2c1fae6 elementor-widget elementor-widget-heading\" data-id=\"2c1fae6\" data-element_type=\"widget\" data-widget_type=\"heading.default\">\n\t\t\t\t<div class=\"elementor-widget-container\">\n\t\t\t<h2 class=\"elementor-heading-title elementor-size-default\">Laminate Veneer Nedir?<\/h2>\t\t<\/div>\n\t\t\t\t<\/div>\n\t\t\t\t<div class=\"elementor-element elementor-element-3bda495 elementor-widget elementor-widget-text-editor\" data-id=\"3bda495\" data-element_type=\"widget\" data-widget_type=\"text-editor.default\">\n\t\t\t\t<div class=\"elementor-widget-container\">\n\t\t\t\t\t\t\t<p>Laminate Veneer, di\u015flerin \u00f6n y\u00fczeylerine a\u015f\u0131r\u0131 a\u015f\u0131nd\u0131rma yap\u0131lmadan ya da \u00e7ok az a\u015f\u0131nd\u0131rma ile uygulanan ince porselen kaplamalard\u0131r. Bu kaplamalar, di\u015flerin \u015fekil, form ve rengini de\u011fi\u015ftirmek i\u00e7in kullan\u0131l\u0131r. Klasik porselen kuronlardan farkl\u0131 olarak, Laminate Veneer uygulamas\u0131 di\u015fin minesi \u00fczerinde minimum m\u00fcdahale ile yap\u0131l\u0131r, bu da en konservatif tedavi y\u00f6ntemlerinden biri olmas\u0131n\u0131 sa\u011flar.<\/p>\t\t\t\t\t\t<\/div>\n\t\t\t\t<\/div>\n\t\t\t\t<\/div>\n\t\t\t\t\t<\/div>\n\t\t\t\t<\/div>\n\t\t<div class=\"elementor-element elementor-element-a91867b e-flex e-con-boxed e-con e-parent\" data-id=\"a91867b\" data-element_type=\"container\" data-settings=\"{&quot;jet_parallax_layout_list&quot;:[]}\">\n\t\t\t\t\t<div class=\"e-con-inner\">\n\t\t\t\t<div class=\"elementor-element elementor-element-407854a elementor-widget elementor-widget-text-editor\" data-id=\"407854a\" data-element_type=\"widget\" data-widget_type=\"text-editor.default\">\n\t\t\t\t<div class=\"elementor-widget-container\">\n\t\t\t\t\t\t\t<p><strong>Laminate Veneer Kimlere Uygulan\u0131r?<\/strong><\/p><p>Porselen Laminate Veneer tedavisinin ana amac\u0131, di\u015flerin estetik g\u00f6r\u00fcn\u00fcm\u00fcn\u00fc iyile\u015ftirerek daha do\u011fal bir g\u00f6r\u00fcn\u00fcm kazand\u0131rmakt\u0131r. Laminate Veneer tedavisi \u015fu durumlarda tercih edilebilir:<\/p><ul><li>Di\u015fler aras\u0131ndaki bo\u015fluklar\u0131 (Diastema) kapatmak,<\/li><li>Di\u015flerinin renginden memnun olmayan ki\u015filer,<\/li><li>K\u0131r\u0131k di\u015fler veya eski dolgular\u0131n bozulmu\u015f yap\u0131s\u0131 ve renginin d\u00fczeltilmesi,<\/li><li>Minimal \u00e7apra\u015f\u0131kl\u0131\u011f\u0131 olan bireylerde, ortodontik tedaviye alternatif olarak di\u015flerin s\u0131ralanmas\u0131n\u0131 sa\u011flamak.<\/li><\/ul><p><strong>Laminate Veneer Uygulamas\u0131n\u0131n Avantajlar\u0131<\/strong><\/p><ul><li>I\u015f\u0131k ge\u00e7irgenli\u011fi sayesinde, Laminate Veneer kaplamalar do\u011fal di\u015flere \u00e7ok benzer bir renk ve g\u00f6r\u00fcn\u00fcme sahiptir.<\/li><li>Hastan\u0131n kendi di\u015flerinden ya hi\u00e7 a\u015f\u0131nd\u0131rma yap\u0131lmaz ya da \u00e7ok az a\u015f\u0131nd\u0131rma yap\u0131l\u0131r.<\/li><li>Estetik a\u00e7\u0131dan tatmin edici sonu\u00e7lar sunar.<\/li><li>\u00c7ay, kahve veya asidik i\u00e7eceklerden kaynaklanan renk de\u011fi\u015fikliklerine kar\u015f\u0131 dayan\u0131kl\u0131d\u0131r.<\/li><li>Tedavi tamamlanmadan \u00f6nce, uygulaman\u0131n son halini bir \u00f6rnekle g\u00f6rmek m\u00fcmk\u00fcnd\u00fcr (moke up uygulamalar\u0131).<\/li><\/ul><p><strong>Laminate Veneer Uygulamas\u0131n\u0131n Kullan\u0131m \u00d6mr\u00fc<\/strong><\/p><p>Laminate Veneer kaplamalar\u0131n\u0131n kullan\u0131m \u00f6mr\u00fc konusunda net bir s\u00fcre vermek zordur. Ancak, a\u011f\u0131z hijyenine dikkat edilmesi ve d\u00fczenli di\u015f hekimi kontrolleriyle bu s\u00fcre uzar.<\/p><p><strong>Laminate Veneer Uygulamas\u0131 Ne Kadar S\u00fcrer?<\/strong><\/p><p>Lamine di\u015flerin laboratuvar \u00fcretim s\u00fcresi genellikle 3-4 g\u00fcnd\u00fcr. Ancak, g\u00fcl\u00fc\u015f tasar\u0131m\u0131 ve detayl\u0131 \u00f6n \u00e7al\u0131\u015fmalarla bu s\u00fcrenin bir hafta olarak hesaplanmas\u0131 tavsiye edilir. Di\u015f kesimi ve \u00f6l\u00e7\u00fc al\u0131m\u0131ndan sonra, yap\u0131\u015ft\u0131rma i\u015flemi yakla\u015f\u0131k bir hafta i\u00e7inde ger\u00e7ekle\u015ftirilir.<\/p><p><strong>Laminate Veneer Uygulamas\u0131n\u0131n A\u015famalar\u0131<\/strong><\/p><p>Laminate Veneer tedavisi \u00f6ncesinde, ilk olarak hasta i\u00e7in uygun bir g\u00fcl\u00fc\u015f tasar\u0131m\u0131 yap\u0131l\u0131r. Di\u015f etlerinin sa\u011fl\u0131\u011f\u0131 da bu s\u00fcre\u00e7te \u00f6nemlidir, bu y\u00fczden di\u015f ta\u015f\u0131 temizli\u011fi ve gerekirse \u015fekil bozukluklar\u0131n\u0131n d\u00fczeltilmesi gerekmektedir. T\u00fcm haz\u0131rl\u0131klar tamamland\u0131ktan sonra, i\u015flem \u00f6ncesinde di\u015flerde herhangi bir a\u015f\u0131nd\u0131rma yap\u0131lmadan yap\u0131lan moke up uygulamas\u0131yla sonuca dair bir fikir edinilebilir.<\/p><p>\u0130\u015flem s\u00fcreci \u015fu \u015fekildedir:<\/p><ul><li>Laminate kaplama i\u00e7in k\u00fc\u00e7\u00fck bir a\u015f\u0131nd\u0131rma veya p\u00fcr\u00fczlendirme yap\u0131l\u0131r,<\/li><li>Di\u015flerin \u00f6l\u00e7\u00fcs\u00fc al\u0131n\u0131r,<\/li><li>Ge\u00e7ici laminate veya dolgu i\u015flemi yap\u0131labilir,<\/li><li>Son olarak, laminate veneerler di\u015flere yerle\u015ftirilir.<\/li><\/ul><p><strong>Laminate Veneer Uygulamas\u0131nda Protezler D\u00fc\u015fer Mi?<\/strong><\/p><p>Lamine di\u015fler, adeziv y\u00f6ntemlerle \u00f6zel yap\u0131\u015ft\u0131r\u0131c\u0131lar kullan\u0131larak di\u015fe sabitlenir, bu nedenle d\u00fc\u015fmesi veya \u00e7\u0131kmas\u0131 m\u00fcmk\u00fcn de\u011fildir.<\/p><p><strong>Laminate Veneer Tedavisi Ac\u0131 Verir Mi?<\/strong><\/p><p>Tedavi s\u0131ras\u0131nda di\u015fler uyu\u015fturuldu\u011fu i\u00e7in herhangi bir a\u011fr\u0131 hissedilmez. Ge\u00e7ici laminate yerle\u015ftirildi\u011finde, hassasiyet hissedilmesi normaldir.<\/p><p><strong>Tedaviden Sonra Nelere Dikkat Edilmelidir?<\/strong><\/p><p>Laminate porselen kaplamalar\u0131n dayan\u0131kl\u0131l\u0131\u011f\u0131 artar, ancak yine de laminalar\u0131n zarar g\u00f6rmemesi i\u00e7in sert yiyecekleri \u00e7i\u011fnemek, di\u015f g\u0131c\u0131rdatmak, t\u0131rnak yemek veya kalem \u0131s\u0131rmak gibi al\u0131\u015fkanl\u0131klardan ka\u00e7\u0131n\u0131lmal\u0131d\u0131r. Ayr\u0131ca, her 6 ayda bir di\u015flerinizi kontrol ettirmeniz \u00f6nerilir.<\/p>\t\t\t\t\t\t<\/div>\n\t\t\t\t<\/div>\n\t\t\t\t\t<\/div>\n\t\t\t\t<\/div>\n\t\t\t\t<\/div>\n\t\t","protected":false},"excerpt":{"rendered":"<p>Laminate Veneer Nedir? Laminate Veneer, di\u015flerin \u00f6n y\u00fczeylerine a\u015f\u0131r\u0131 a\u015f\u0131nd\u0131rma yap\u0131lmadan ya da \u00e7ok az a\u015f\u0131nd\u0131rma ile uygulanan ince porselen kaplamalard\u0131r. Bu kaplamalar, di\u015flerin \u015fekil, form ve rengini de\u011fi\u015ftirmek i\u00e7in kullan\u0131l\u0131r. Klasik porselen kuronlardan farkl\u0131 olarak, Laminate Veneer uygulamas\u0131 di\u015fin minesi \u00fczerinde minimum m\u00fcdahale ile yap\u0131l\u0131r, bu da en konservatif tedavi y\u00f6ntemlerinden biri olmas\u0131n\u0131 sa\u011flar. [&hellip;]<\/p>\n","protected":false},"author":1,"featured_media":0,"parent":0,"menu_order":0,"comment_status":"closed","ping_status":"closed","template":"","meta":{"_acf_changed":false,"footnotes":""},"class_list":["post-1638","page","type-page","status-publish","hentry"],"acf":[],"_links":{"self":[{"href":"https:\/\/drserapozdamar.com\/index.php?rest_route=\/wp\/v2\/pages\/1638"}],"collection":[{"href":"https:\/\/drserapozdamar.com\/index.php?rest_route=\/wp\/v2\/pages"}],"about":[{"href":"https:\/\/drserapozdamar.com\/index.php?rest_route=\/wp\/v2\/types\/page"}],"author":[{"embeddable":true,"href":"https:\/\/drserapozdamar.com\/index.php?rest_route=\/wp\/v2\/users\/1"}],"replies":[{"embeddable":true,"href":"https:\/\/drserapozdamar.com\/index.php?rest_route=%2Fwp%2Fv2%2Fcomments&post=1638"}],"version-history":[{"count":7,"href":"https:\/\/drserapozdamar.com\/index.php?rest_route=\/wp\/v2\/pages\/1638\/revisions"}],"predecessor-version":[{"id":1793,"href":"https:\/\/drserapozdamar.com\/index.php?rest_route=\/wp\/v2\/pages\/1638\/revisions\/1793"}],"wp:attachment":[{"href":"https:\/\/drserapozdamar.com\/index.php?rest_route=%2Fwp%2Fv2%2Fmedia&parent=1638"}],"curies":[{"name":"wp","href":"https:\/\/api.w.org\/{rel}","templated":true}]}}