{"id":1636,"date":"2024-12-07T20:14:08","date_gmt":"2024-12-07T20:14:08","guid":{"rendered":"https:\/\/drserapozdamar.com\/?page_id=1636"},"modified":"2024-12-29T19:00:15","modified_gmt":"2024-12-29T19:00:15","slug":"dis-protezleri","status":"publish","type":"page","link":"https:\/\/drserapozdamar.com\/?page_id=1636","title":{"rendered":"Di\u015f Protezleri"},"content":{"rendered":"\t\t<div data-elementor-type=\"wp-page\" data-elementor-id=\"1636\" class=\"elementor elementor-1636\">\n\t\t\t\t<div class=\"elementor-element elementor-element-50c16bd e-flex e-con-boxed e-con e-parent\" data-id=\"50c16bd\" data-element_type=\"container\" data-settings=\"{&quot;jet_parallax_layout_list&quot;:[]}\">\n\t\t\t\t\t<div class=\"e-con-inner\">\n\t\t<div class=\"elementor-element elementor-element-b81960d e-con-full e-flex e-con e-child\" data-id=\"b81960d\" data-element_type=\"container\" data-settings=\"{&quot;jet_parallax_layout_list&quot;:[]}\">\n\t\t\t\t<div class=\"elementor-element elementor-element-29ba8dd elementor-widget elementor-widget-image\" data-id=\"29ba8dd\" data-element_type=\"widget\" data-widget_type=\"image.default\">\n\t\t\t\t<div class=\"elementor-widget-container\">\n\t\t\t\t\t\t\t\t\t\t\t\t\t<img fetchpriority=\"high\" decoding=\"async\" width=\"1024\" height=\"1024\" src=\"https:\/\/drserapozdamar.com\/wp-content\/uploads\/2024\/12\/IMG-20241229-WA0024.jpg\" class=\"attachment-large size-large wp-image-1782\" alt=\"\" srcset=\"https:\/\/drserapozdamar.com\/wp-content\/uploads\/2024\/12\/IMG-20241229-WA0024.jpg 1024w, https:\/\/drserapozdamar.com\/wp-content\/uploads\/2024\/12\/IMG-20241229-WA0024-300x300.jpg 300w, https:\/\/drserapozdamar.com\/wp-content\/uploads\/2024\/12\/IMG-20241229-WA0024-150x150.jpg 150w, https:\/\/drserapozdamar.com\/wp-content\/uploads\/2024\/12\/IMG-20241229-WA0024-768x768.jpg 768w, https:\/\/drserapozdamar.com\/wp-content\/uploads\/2024\/12\/IMG-20241229-WA0024-500x500.jpg 500w\" sizes=\"(max-width: 1024px) 100vw, 1024px\" \/>\t\t\t\t\t\t\t\t\t\t\t\t\t<\/div>\n\t\t\t\t<\/div>\n\t\t\t\t<div class=\"elementor-element elementor-element-c4e7759 elementor-widget elementor-widget-image\" data-id=\"c4e7759\" data-element_type=\"widget\" data-widget_type=\"image.default\">\n\t\t\t\t<div class=\"elementor-widget-container\">\n\t\t\t\t\t\t\t\t\t\t\t\t\t<img decoding=\"async\" width=\"1024\" height=\"1016\" src=\"https:\/\/drserapozdamar.com\/wp-content\/uploads\/2024\/12\/IMG-20241229-WA0022-1-1024x1016.jpg\" class=\"attachment-large size-large wp-image-1786\" alt=\"\" srcset=\"https:\/\/drserapozdamar.com\/wp-content\/uploads\/2024\/12\/IMG-20241229-WA0022-1-1024x1016.jpg 1024w, https:\/\/drserapozdamar.com\/wp-content\/uploads\/2024\/12\/IMG-20241229-WA0022-1-300x298.jpg 300w, https:\/\/drserapozdamar.com\/wp-content\/uploads\/2024\/12\/IMG-20241229-WA0022-1-150x150.jpg 150w, https:\/\/drserapozdamar.com\/wp-content\/uploads\/2024\/12\/IMG-20241229-WA0022-1-768x762.jpg 768w, https:\/\/drserapozdamar.com\/wp-content\/uploads\/2024\/12\/IMG-20241229-WA0022-1.jpg 1169w\" sizes=\"(max-width: 1024px) 100vw, 1024px\" \/>\t\t\t\t\t\t\t\t\t\t\t\t\t<\/div>\n\t\t\t\t<\/div>\n\t\t\t\t<div class=\"elementor-element elementor-element-b3036b2 elementor-widget elementor-widget-image\" data-id=\"b3036b2\" data-element_type=\"widget\" data-widget_type=\"image.default\">\n\t\t\t\t<div class=\"elementor-widget-container\">\n\t\t\t\t\t\t\t\t\t\t\t\t\t<img decoding=\"async\" width=\"564\" height=\"564\" src=\"https:\/\/drserapozdamar.com\/wp-content\/uploads\/2024\/12\/IMG-20241229-WA0023.jpg\" class=\"attachment-large size-large wp-image-1783\" alt=\"\" srcset=\"https:\/\/drserapozdamar.com\/wp-content\/uploads\/2024\/12\/IMG-20241229-WA0023.jpg 564w, https:\/\/drserapozdamar.com\/wp-content\/uploads\/2024\/12\/IMG-20241229-WA0023-300x300.jpg 300w, https:\/\/drserapozdamar.com\/wp-content\/uploads\/2024\/12\/IMG-20241229-WA0023-150x150.jpg 150w, https:\/\/drserapozdamar.com\/wp-content\/uploads\/2024\/12\/IMG-20241229-WA0023-500x500.jpg 500w\" sizes=\"(max-width: 564px) 100vw, 564px\" \/>\t\t\t\t\t\t\t\t\t\t\t\t\t<\/div>\n\t\t\t\t<\/div>\n\t\t\t\t<div class=\"elementor-element elementor-element-507409c elementor-widget elementor-widget-image\" data-id=\"507409c\" data-element_type=\"widget\" data-widget_type=\"image.default\">\n\t\t\t\t<div class=\"elementor-widget-container\">\n\t\t\t\t\t\t\t\t\t\t\t\t\t<img loading=\"lazy\" decoding=\"async\" width=\"410\" height=\"300\" src=\"https:\/\/drserapozdamar.com\/wp-content\/uploads\/2024\/12\/IMG-20241229-WA0025.jpg\" class=\"attachment-large size-large wp-image-1784\" alt=\"\" srcset=\"https:\/\/drserapozdamar.com\/wp-content\/uploads\/2024\/12\/IMG-20241229-WA0025.jpg 410w, https:\/\/drserapozdamar.com\/wp-content\/uploads\/2024\/12\/IMG-20241229-WA0025-300x220.jpg 300w\" sizes=\"(max-width: 410px) 100vw, 410px\" \/>\t\t\t\t\t\t\t\t\t\t\t\t\t<\/div>\n\t\t\t\t<\/div>\n\t\t\t\t<\/div>\n\t\t<div class=\"elementor-element elementor-element-59fe00a e-con-full e-flex e-con e-child\" data-id=\"59fe00a\" data-element_type=\"container\" data-settings=\"{&quot;jet_parallax_layout_list&quot;:[]}\">\n\t\t\t\t<div class=\"elementor-element elementor-element-f7542bb elementor-widget elementor-widget-heading\" data-id=\"f7542bb\" data-element_type=\"widget\" data-widget_type=\"heading.default\">\n\t\t\t\t<div class=\"elementor-widget-container\">\n\t\t\t<h2 class=\"elementor-heading-title elementor-size-default\">Di\u015f Protezleri<\/h2>\t\t<\/div>\n\t\t\t\t<\/div>\n\t\t\t\t<div class=\"elementor-element elementor-element-7833d1a elementor-widget elementor-widget-text-editor\" data-id=\"7833d1a\" data-element_type=\"widget\" data-widget_type=\"text-editor.default\">\n\t\t\t\t<div class=\"elementor-widget-container\">\n\t\t\t\t\t\t\t<p><strong>Protez Tedavisi<\/strong>\u00a0a\u011f\u0131zdaki eksik di\u015f say\u0131s\u0131na ve yerle\u015fimine \u00a0g\u00f6re; s\u00f6z konusu eksiklikleri gidererek, a\u011f\u0131z b\u00fct\u00fcnl\u00fc\u011f\u00fcn\u00fc yeniden kazand\u0131r\u0131p, yaln\u0131zca estetik a\u00e7\u0131dan de\u011fil ayn\u0131 zamanda \u00e7i\u011fneme fonksiyonlar\u0131 ve konu\u015fman\u0131n sa\u011flanmas\u0131n\u0131 hedefleyen di\u015f hekimli\u011finin en \u00f6nemli dallar\u0131ndan bir tanesidir. A\u011f\u0131zda \u00e7e\u015fitli nedenlerle kaybedilmi\u015f olan di\u015flerin yerine konan t\u00fcm yapay olu\u015fumlar protezdir.<\/p><p>Hastan\u0131n ki\u015fisel ihtiya\u00e7lar\u0131 do\u011frultusunda \u00fcretilen di\u015f protezinin ki\u015finin a\u011fz\u0131na tam uyum sa\u011flay\u0131p do\u011fal g\u00f6r\u00fcnmesi ve fonksiyonel bir kullan\u0131m \u00f6zelli\u011fine sahip olmas\u0131 gerekir.<\/p><p>\u00a0<\/p><p><strong>Ka\u00e7 \u00c7e\u015fit Protez Bulunmaktad\u0131r?<\/strong><\/p><p>Di\u015f protezleri genel anlamda sabit ve hareketli olmak \u00fczere ikiye ayr\u0131l\u0131r. Kullan\u0131lacak olan protez di\u015fler, hastan\u0131n ihtiyac\u0131na g\u00f6re de\u011fi\u015fiklik g\u00f6stermektedir.<\/p><p>\u00a0<\/p><ul><li><strong>Sabit Di\u015f Protezleri:<\/strong>\u00a0A\u011f\u0131z i\u00e7ine yap\u0131\u015ft\u0131r\u0131larak veya vida yard\u0131m\u0131 ile uygulanan sabit di\u015f protezleri, ki\u015finin kendi iste\u011fiyle \u00e7\u0131kar\u0131lamamaktad\u0131r.Kuron protezleri, laminate veneerler, k\u00f6pr\u00fc protezleri, hibrit protezler ve implant \u00fcst\u00fc sabit protezler bu grupta yer almaktad\u0131r.<\/li><li><strong>Hareketli Di\u015f Protezleri:<\/strong>\u00a0Hareketli di\u015f protezi hastan\u0131n kendisi taraf\u0131ndan tak\u0131l\u0131p \u00e7\u0131kar\u0131labilmektedir. Hareketli protezler total protezler, parsiyel protezler ve implant \u00fcst\u00fc olarak s\u0131n\u0131fland\u0131r\u0131labilir.<\/li><\/ul><p>\u00a0<\/p><p><strong>Di\u015f Protezinin Amac\u0131 Nedir?<\/strong><\/p><p>Bireyin kaybetti\u011fi estetik, fonksiyon ve fonasyonun yeniden kazand\u0131\u0131rlmas\u0131d\u0131r.<\/p><p>\u00a0<\/p><p><strong>Protezlerin Yap\u0131m A\u015famas\u0131 Ne Kadar S\u00fcrer?<\/strong><\/p><p>Bu durum yap\u0131lacak proteze g\u00f6re de\u011fi\u015fkenlik g\u00f6stermektedir. Tek seansta bitirilebilece\u011fi gibi implant \u00fcst\u00fc protezlerde bu s\u00fcre \u00f6ncelikle implant\u0131n osseointegrasyonu beklenece\u011finden s\u00fcre\u00e7 3 ay\u0131 bulabilir.<\/p><p>\u00a0<\/p><p><strong>Protezlerin Kullan\u0131m \u00d6mr\u00fc Nedir?<\/strong><\/p><p>Uygulanacak di\u015f protezleri iyi bak\u0131m ve hijyenin sa\u011fland\u0131\u011f\u0131 noktada ki\u015fiye uzun y\u0131llar hizmet edebilmektedir. Ortalama 7 y\u0131l olan protez \u00f6mr\u00fc, asl\u0131nda ya\u015flanmaya ba\u011fl\u0131 dokularda olu\u015fabilecek de\u011fi\u015fikliklerin ortalamas\u0131d\u0131r.<\/p><p>\u00a0<\/p><p><strong>Total Protezlerle Rahat Yemek Yenebilir mi? Konu\u015fmam de\u011fi\u015fir mi?<\/strong><\/p><p>\u00c7enelerden \u00f6l\u00e7\u00fc al\u0131narak ki\u015fiye \u00f6zel olarak yap\u0131lan protezlerin tutuculu\u011fu, alt ve \u00fcst \u00e7enedeki kemik miktar\u0131na ba\u011fl\u0131d\u0131r. Kemik miktar\u0131n\u0131n yeterli oldu\u011fu durumlarda protez tutuculu\u011fu ve stabilizasyonu da iyi olur. Doku miktar\u0131n\u0131n yeterli olmad\u0131\u011f\u0131 durumlarda implantlardan destek al\u0131nabilir.Total protezler do\u011fru yap\u0131ld\u0131\u011f\u0131nda rahat\u00e7a yemek yenebilmektedir.<\/p><p>\u00d6te yandan \u00f6zellikle hareketli protezler kullan\u0131lmaya ilk ba\u015fland\u0131\u011f\u0131nda baz\u0131 seslerin telaffuzunda problemler ya\u015fanabilir.Bu durumda y\u00fcksek sesle ve ayna kar\u015f\u0131s\u0131nda okuma, konu\u015fma \u00e7al\u0131\u015fmalar\u0131 yap\u0131larak sorun ortadan kald\u0131r\u0131labilir. Ancak ses bozukluklar\u0131 hatal\u0131 protez kaynakl\u0131 da olabilir. Bu durumda protez yeniden d\u00fczenlenmelidir.<\/p><p>\u00a0<\/p><p><strong>Total Protez Di\u015fler Yemek Yerken Hareket Eder mi?<\/strong><\/p><p>Alt ve \u00fcst \u00e7enedeki kemik miktar\u0131n\u0131n yeterli olmad\u0131\u011f\u0131 durumlarda protez di\u015flerin tutuculu\u011fu ve stabilizasyonu azalmaktad\u0131r. Bu gibi vakalarda \u00f6zel yap\u0131\u015ft\u0131r\u0131c\u0131lar kullan\u0131labilece\u011fi gibi protezlerin oynamamas\u0131 i\u00e7in \u00e7ene kemi\u011fine yerle\u015ftirilen implantlardan da destek al\u0131nmas\u0131 gerekebilmektedir.<\/p><p>\u00a0<\/p><p><strong>Protez Di\u015flerin Bak\u0131m\u0131 Nas\u0131l Yap\u0131lmal\u0131d\u0131r?<\/strong><\/p><ul><li>G\u00fcnl\u00fck \u00f6\u011f\u00fcnlerin ard\u0131ndan ve gece yatmadan \u00f6nce mutlaka d\u00fczenli bir \u015fekilde di\u015flerinizi ve protezlerinizi f\u0131r\u00e7alamal\u0131s\u0131n\u0131z. Bu i\u015flem sayesinde plak ve leke olu\u015fumu da \u00f6nlenecektir.<\/li><li>Sabit protezlerin temizli\u011finde di\u015f ipleri ve aray\u00fcz f\u0131r\u00e7alar\u0131 kullan\u0131lmal\u0131d\u0131r. Bu di\u015f ipi sabit protezlerin temizlenmesinde de olduk\u00e7a etkili bir y\u00f6ntemdir.Bunun yan\u0131 s\u0131ra \u00f6zellikle implant \u00fcst\u00fc sabit protezlerde a\u011f\u0131z du\u015funun etkisi olduk\u00e7a ba\u015far\u0131l\u0131d\u0131r.<\/li><li>A\u011f\u0131z hijyenini yeterince sa\u011flanamad\u0131\u011f\u0131 d\u00fc\u015f\u00fcn\u00fclen durumlarda a\u011f\u0131z gargaralar\u0131ndan faydalan\u0131labilir.<\/li><li>Hareketli protezlerin temizli\u011finin en etkili yolu kimyasal s\u0131v\u0131larda bekletmektir.<\/li><li>Yemeklerden sonra protezler \u00e7\u0131kar\u0131l\u0131p f\u0131r\u00e7alanarak temizlenmelidir.<\/li><li>Protez temizli\u011finde a\u015f\u0131nd\u0131r\u0131c\u0131 tozlar kullan\u0131lmamal\u0131d\u0131r. \u00c7\u00fcnk\u00fc di\u015f y\u00fczeyinde \u00e7izilmeler olur, protezin cilas\u0131 ortadan kalkar ve zamanla lekeler olu\u015fur.<\/li><li>Protez \u00fczerinde olu\u015fan tartar ve protez i\u00e7indeki kal\u0131c\u0131 lekeler di\u015f hekimi taraf\u0131ndan temizlenmelidir.<\/li><li>Sabit ya da hareketli protezlere sahip olan bireylerde genel kontrollerini yapt\u0131rmak i\u00e7in di\u015f hekimini 6 ayda bir ziyaret etmelidir.<\/li><\/ul><p>\u00a0<\/p>\t\t\t\t\t\t<\/div>\n\t\t\t\t<\/div>\n\t\t\t\t<\/div>\n\t\t\t\t\t<\/div>\n\t\t\t\t<\/div>\n\t\t\t\t<\/div>\n\t\t","protected":false},"excerpt":{"rendered":"<p>Di\u015f Protezleri Protez Tedavisi\u00a0a\u011f\u0131zdaki eksik di\u015f say\u0131s\u0131na ve yerle\u015fimine \u00a0g\u00f6re; s\u00f6z konusu eksiklikleri gidererek, a\u011f\u0131z b\u00fct\u00fcnl\u00fc\u011f\u00fcn\u00fc yeniden kazand\u0131r\u0131p, yaln\u0131zca estetik a\u00e7\u0131dan de\u011fil ayn\u0131 zamanda \u00e7i\u011fneme fonksiyonlar\u0131 ve konu\u015fman\u0131n sa\u011flanmas\u0131n\u0131 hedefleyen di\u015f hekimli\u011finin en \u00f6nemli dallar\u0131ndan bir tanesidir. A\u011f\u0131zda \u00e7e\u015fitli nedenlerle kaybedilmi\u015f olan di\u015flerin yerine konan t\u00fcm yapay olu\u015fumlar protezdir. Hastan\u0131n ki\u015fisel ihtiya\u00e7lar\u0131 do\u011frultusunda \u00fcretilen di\u015f [&hellip;]<\/p>\n","protected":false},"author":1,"featured_media":0,"parent":0,"menu_order":0,"comment_status":"closed","ping_status":"closed","template":"","meta":{"_acf_changed":false,"footnotes":""},"class_list":["post-1636","page","type-page","status-publish","hentry"],"acf":[],"_links":{"self":[{"href":"https:\/\/drserapozdamar.com\/index.php?rest_route=\/wp\/v2\/pages\/1636"}],"collection":[{"href":"https:\/\/drserapozdamar.com\/index.php?rest_route=\/wp\/v2\/pages"}],"about":[{"href":"https:\/\/drserapozdamar.com\/index.php?rest_route=\/wp\/v2\/types\/page"}],"author":[{"embeddable":true,"href":"https:\/\/drserapozdamar.com\/index.php?rest_route=\/wp\/v2\/users\/1"}],"replies":[{"embeddable":true,"href":"https:\/\/drserapozdamar.com\/index.php?rest_route=%2Fwp%2Fv2%2Fcomments&post=1636"}],"version-history":[{"count":4,"href":"https:\/\/drserapozdamar.com\/index.php?rest_route=\/wp\/v2\/pages\/1636\/revisions"}],"predecessor-version":[{"id":1789,"href":"https:\/\/drserapozdamar.com\/index.php?rest_route=\/wp\/v2\/pages\/1636\/revisions\/1789"}],"wp:attachment":[{"href":"https:\/\/drserapozdamar.com\/index.php?rest_route=%2Fwp%2Fv2%2Fmedia&parent=1636"}],"curies":[{"name":"wp","href":"https:\/\/api.w.org\/{rel}","templated":true}]}}