{"id":1634,"date":"2024-12-07T20:13:54","date_gmt":"2024-12-07T20:13:54","guid":{"rendered":"https:\/\/drserapozdamar.com\/?page_id=1634"},"modified":"2024-12-07T21:20:06","modified_gmt":"2024-12-07T21:20:06","slug":"endodontik-cerrahi","status":"publish","type":"page","link":"https:\/\/drserapozdamar.com\/?page_id=1634","title":{"rendered":"Endodontik Cerrahi"},"content":{"rendered":"\t\t<div data-elementor-type=\"wp-page\" data-elementor-id=\"1634\" class=\"elementor elementor-1634\">\n\t\t\t\t<div class=\"elementor-element elementor-element-2c066f5 e-flex e-con-boxed e-con e-parent\" data-id=\"2c066f5\" data-element_type=\"container\" data-settings=\"{&quot;jet_parallax_layout_list&quot;:[]}\">\n\t\t\t\t\t<div class=\"e-con-inner\">\n\t\t<div class=\"elementor-element elementor-element-4662703 e-con-full e-flex e-con e-child\" data-id=\"4662703\" data-element_type=\"container\" data-settings=\"{&quot;jet_parallax_layout_list&quot;:[]}\">\n\t\t\t\t<div class=\"elementor-element elementor-element-aebb590 elementor-widget elementor-widget-image\" data-id=\"aebb590\" data-element_type=\"widget\" data-widget_type=\"image.default\">\n\t\t\t\t<div class=\"elementor-widget-container\">\n\t\t\t\t\t\t\t\t\t\t\t\t\t<img fetchpriority=\"high\" decoding=\"async\" width=\"283\" height=\"247\" src=\"https:\/\/drserapozdamar.com\/wp-content\/uploads\/2024\/12\/endotontik-cerrahisi.jpg\" class=\"attachment-large size-large wp-image-1732\" alt=\"\" \/>\t\t\t\t\t\t\t\t\t\t\t\t\t<\/div>\n\t\t\t\t<\/div>\n\t\t\t\t<\/div>\n\t\t<div class=\"elementor-element elementor-element-cb3edc1 e-con-full e-flex e-con e-child\" data-id=\"cb3edc1\" data-element_type=\"container\" data-settings=\"{&quot;jet_parallax_layout_list&quot;:[]}\">\n\t\t\t\t<div class=\"elementor-element elementor-element-b1e46ae elementor-widget elementor-widget-heading\" data-id=\"b1e46ae\" data-element_type=\"widget\" data-widget_type=\"heading.default\">\n\t\t\t\t<div class=\"elementor-widget-container\">\n\t\t\t<h2 class=\"elementor-heading-title elementor-size-default\">Apikal Rezeksiyon Nedir? <\/h2>\t\t<\/div>\n\t\t\t\t<\/div>\n\t\t\t\t<div class=\"elementor-element elementor-element-c483846 elementor-widget elementor-widget-text-editor\" data-id=\"c483846\" data-element_type=\"widget\" data-widget_type=\"text-editor.default\">\n\t\t\t\t<div class=\"elementor-widget-container\">\n\t\t\t\t\t\t\t<p>\u00c7\u00fcr\u00fckler veya travmalar sonucu di\u015flerin k\u00f6klerinde enfeksiyonlar geli\u015febilir. Bu enfeksiyon, di\u015fin k\u00f6k\u00fcnden \u00e7ene kemi\u011fine yay\u0131labilir ve k\u00f6k etraf\u0131nda iltihap olu\u015fmas\u0131na neden olabilir. Ba\u015flang\u0131\u00e7 a\u015famas\u0131nda, di\u015fin kanal tedavisiyle iyile\u015ftirilmesi m\u00fcmk\u00fcnd\u00fcr. Ancak ilerleyen durumlarda, apikal rezeksiyon ad\u0131 verilen cerrahi i\u015flemle, k\u00f6k ucundaki bu iltihapl\u0131 doku \u00e7\u0131kar\u0131lmal\u0131d\u0131r.<\/p>\t\t\t\t\t\t<\/div>\n\t\t\t\t<\/div>\n\t\t\t\t<\/div>\n\t\t\t\t\t<\/div>\n\t\t\t\t<\/div>\n\t\t<div class=\"elementor-element elementor-element-01d0908 e-flex e-con-boxed e-con e-parent\" data-id=\"01d0908\" data-element_type=\"container\" data-settings=\"{&quot;jet_parallax_layout_list&quot;:[]}\">\n\t\t\t\t\t<div class=\"e-con-inner\">\n\t\t\t\t<div class=\"elementor-element elementor-element-052d69b elementor-widget elementor-widget-text-editor\" data-id=\"052d69b\" data-element_type=\"widget\" data-widget_type=\"text-editor.default\">\n\t\t\t\t<div class=\"elementor-widget-container\">\n\t\t\t\t\t\t\t<p><strong>Apikal Rezeksiyon Hangi Durumlarda Uygulan\u0131r?<\/strong><\/p><p>Kanal tedavisinin ba\u015far\u0131s\u0131z oldu\u011fu durumlarla kar\u015f\u0131la\u015f\u0131labilir. Di\u015fin kanallar\u0131 dar veya e\u011fri olabilir, daha \u00f6nce yap\u0131lan kanal tedavilerine yan\u0131t al\u0131namayabilir veya k\u00f6k ucundaki enfeksiyon, kanal tedavisiyle giderilemeyecek kadar ilerlemi\u015f olabilir. Kanal tedavisinin yeterli olmad\u0131\u011f\u0131 veya do\u011fru yap\u0131lamad\u0131\u011f\u0131 hastalarda, endodontik cerrahi (k\u00f6k ucu rezeksiyonu) \u00f6nerilir. Bu durumda, di\u015fi \u00e7ekmek yerine, k\u00f6k ucuna cerrahi bir m\u00fcdahale ile ula\u015f\u0131l\u0131r ve enfekte doku veya kist ile birlikte di\u015f k\u00f6k\u00fcn\u00fcn bir k\u0131sm\u0131 \u00e7\u0131kar\u0131l\u0131r. Az\u0131 di\u015fleri dahil t\u00fcm di\u015flerde bu i\u015flem uygulanabilir. Ancak, i\u015flem \u00f6ncesinde di\u015fin kanal tedavisinin yap\u0131lm\u0131\u015f olmas\u0131 gerekmektedir. Bu i\u015flem titizlikle yap\u0131lmal\u0131 \u00e7\u00fcnk\u00fc baz\u0131 durumlarda i\u015flem tekrarlanmak zorunda kalabilir. Ayr\u0131ca, operasyon sonras\u0131 hastan\u0131n d\u00fczenli olarak kontrol edilmesi \u00f6nemlidir.<\/p><p><strong>\u0130\u015flem S\u0131ras\u0131nda Ac\u0131 Duyar M\u0131y\u0131m ve Sonras\u0131nda Ne Olur?<\/strong><\/p><p>Apikal rezeksiyon, lokal anestezi alt\u0131nda ger\u00e7ekle\u015ftirilen bir cerrahi i\u015flemdir, dolay\u0131s\u0131yla i\u015flem s\u0131ras\u0131nda a\u011fr\u0131 duyulmaz. Uygun ila\u00e7lar\u0131n d\u00fczenli kullan\u0131m\u0131 ile i\u015flem sonras\u0131nda da a\u011fr\u0131 ya\u015fanmaz. Ameliyat sonras\u0131 birka\u00e7 g\u00fcn s\u00fcrebilecek hafif \u015fi\u015flikler normaldir.<\/p>\t\t\t\t\t\t<\/div>\n\t\t\t\t<\/div>\n\t\t\t\t\t<\/div>\n\t\t\t\t<\/div>\n\t\t\t\t<\/div>\n\t\t","protected":false},"excerpt":{"rendered":"<p>Apikal Rezeksiyon Nedir? \u00c7\u00fcr\u00fckler veya travmalar sonucu di\u015flerin k\u00f6klerinde enfeksiyonlar geli\u015febilir. Bu enfeksiyon, di\u015fin k\u00f6k\u00fcnden \u00e7ene kemi\u011fine yay\u0131labilir ve k\u00f6k etraf\u0131nda iltihap olu\u015fmas\u0131na neden olabilir. Ba\u015flang\u0131\u00e7 a\u015famas\u0131nda, di\u015fin kanal tedavisiyle iyile\u015ftirilmesi m\u00fcmk\u00fcnd\u00fcr. Ancak ilerleyen durumlarda, apikal rezeksiyon ad\u0131 verilen cerrahi i\u015flemle, k\u00f6k ucundaki bu iltihapl\u0131 doku \u00e7\u0131kar\u0131lmal\u0131d\u0131r. Apikal Rezeksiyon Hangi Durumlarda Uygulan\u0131r? Kanal tedavisinin ba\u015far\u0131s\u0131z [&hellip;]<\/p>\n","protected":false},"author":1,"featured_media":0,"parent":0,"menu_order":0,"comment_status":"closed","ping_status":"closed","template":"","meta":{"_acf_changed":false,"footnotes":""},"class_list":["post-1634","page","type-page","status-publish","hentry"],"acf":[],"_links":{"self":[{"href":"https:\/\/drserapozdamar.com\/index.php?rest_route=\/wp\/v2\/pages\/1634"}],"collection":[{"href":"https:\/\/drserapozdamar.com\/index.php?rest_route=\/wp\/v2\/pages"}],"about":[{"href":"https:\/\/drserapozdamar.com\/index.php?rest_route=\/wp\/v2\/types\/page"}],"author":[{"embeddable":true,"href":"https:\/\/drserapozdamar.com\/index.php?rest_route=\/wp\/v2\/users\/1"}],"replies":[{"embeddable":true,"href":"https:\/\/drserapozdamar.com\/index.php?rest_route=%2Fwp%2Fv2%2Fcomments&post=1634"}],"version-history":[{"count":4,"href":"https:\/\/drserapozdamar.com\/index.php?rest_route=\/wp\/v2\/pages\/1634\/revisions"}],"predecessor-version":[{"id":1735,"href":"https:\/\/drserapozdamar.com\/index.php?rest_route=\/wp\/v2\/pages\/1634\/revisions\/1735"}],"wp:attachment":[{"href":"https:\/\/drserapozdamar.com\/index.php?rest_route=%2Fwp%2Fv2%2Fmedia&parent=1634"}],"curies":[{"name":"wp","href":"https:\/\/api.w.org\/{rel}","templated":true}]}}