{"id":1628,"date":"2024-12-07T20:12:48","date_gmt":"2024-12-07T20:12:48","guid":{"rendered":"https:\/\/drserapozdamar.com\/?page_id=1628"},"modified":"2024-12-07T21:15:55","modified_gmt":"2024-12-07T21:15:55","slug":"cene-kistleri","status":"publish","type":"page","link":"https:\/\/drserapozdamar.com\/?page_id=1628","title":{"rendered":"\u00c7ene Kistleri"},"content":{"rendered":"\t\t<div data-elementor-type=\"wp-page\" data-elementor-id=\"1628\" class=\"elementor elementor-1628\">\n\t\t\t\t<div class=\"elementor-element elementor-element-063045a e-flex e-con-boxed e-con e-parent\" data-id=\"063045a\" data-element_type=\"container\" data-settings=\"{&quot;jet_parallax_layout_list&quot;:[]}\">\n\t\t\t\t\t<div class=\"e-con-inner\">\n\t\t<div class=\"elementor-element elementor-element-0cb9c9c e-con-full e-flex e-con e-child\" data-id=\"0cb9c9c\" data-element_type=\"container\" data-settings=\"{&quot;jet_parallax_layout_list&quot;:[]}\">\n\t\t\t\t<div class=\"elementor-element elementor-element-c9951c4 elementor-widget elementor-widget-image\" data-id=\"c9951c4\" data-element_type=\"widget\" data-widget_type=\"image.default\">\n\t\t\t\t<div class=\"elementor-widget-container\">\n\t\t\t\t\t\t\t\t\t\t\t\t\t<img fetchpriority=\"high\" decoding=\"async\" width=\"415\" height=\"197\" src=\"https:\/\/drserapozdamar.com\/wp-content\/uploads\/2024\/12\/Cene-Kisti.jpg\" class=\"attachment-large size-large wp-image-1728\" alt=\"\" srcset=\"https:\/\/drserapozdamar.com\/wp-content\/uploads\/2024\/12\/Cene-Kisti.jpg 415w, https:\/\/drserapozdamar.com\/wp-content\/uploads\/2024\/12\/Cene-Kisti-300x142.jpg 300w\" sizes=\"(max-width: 415px) 100vw, 415px\" \/>\t\t\t\t\t\t\t\t\t\t\t\t\t<\/div>\n\t\t\t\t<\/div>\n\t\t\t\t<\/div>\n\t\t<div class=\"elementor-element elementor-element-9c10576 e-con-full e-flex e-con e-child\" data-id=\"9c10576\" data-element_type=\"container\" data-settings=\"{&quot;jet_parallax_layout_list&quot;:[]}\">\n\t\t\t\t<div class=\"elementor-element elementor-element-5c8a80a elementor-widget elementor-widget-heading\" data-id=\"5c8a80a\" data-element_type=\"widget\" data-widget_type=\"heading.default\">\n\t\t\t\t<div class=\"elementor-widget-container\">\n\t\t\t<h2 class=\"elementor-heading-title elementor-size-default\">\u00c7ene Kisti Nedir?<\/h2>\t\t<\/div>\n\t\t\t\t<\/div>\n\t\t\t\t<div class=\"elementor-element elementor-element-fe1d183 elementor-widget elementor-widget-text-editor\" data-id=\"fe1d183\" data-element_type=\"widget\" data-widget_type=\"text-editor.default\">\n\t\t\t\t<div class=\"elementor-widget-container\">\n\t\t\t\t\t\t\t<p data-pm-slice=\"1 1 []\">\u00c7enelerde, di\u015ften kaynaklanan ya da ba\u011f\u0131ms\u0131z olarak olu\u015fan \u00e7e\u015fitli kistler bulunabilir. Bu kistler bazen hastalar taraf\u0131ndan fark edilmeden olduk\u00e7a b\u00fcy\u00fck boyutlara ula\u015fabilir. Bu nedenle d\u00fczenli di\u015f hekimi kontrollerinde panoramik di\u015f r\u00f6ntgeni \u00e7ekilmesi \u00f6nerilir.<\/p><p>\u00c7ene kistleri genellikle di\u015f kaynakl\u0131d\u0131r ve di\u015f k\u00f6k\u00fc etraf\u0131nda olu\u015fur. Tedavi edilmedikleri takdirde b\u00fcy\u00fcyerek ciddi sorunlara yol a\u00e7abilirler. Di\u015f k\u00f6k\u00fcnde kist bulunan hastalarda, sadece di\u015fin \u00e7ekilmesi yeterli bir tedavi olmaz. Kist kemik i\u00e7erisinde b\u0131rak\u0131ld\u0131\u011f\u0131nda b\u00fcy\u00fcmeye devam ederek daha b\u00fcy\u00fck problemlere neden olabilir. Bu durumda birden fazla di\u015fin \u00e7ekilmesi gerekebilir. Bu nedenle, kistik yap\u0131lar tespit edildi\u011finde cerrahi yolla tamamen temizlenmelidir.<\/p>\t\t\t\t\t\t<\/div>\n\t\t\t\t<\/div>\n\t\t\t\t<\/div>\n\t\t\t\t\t<\/div>\n\t\t\t\t<\/div>\n\t\t<div class=\"elementor-element elementor-element-2ab635c e-flex e-con-boxed e-con e-parent\" data-id=\"2ab635c\" data-element_type=\"container\" data-settings=\"{&quot;jet_parallax_layout_list&quot;:[]}\">\n\t\t\t\t\t<div class=\"e-con-inner\">\n\t\t\t\t<div class=\"elementor-element elementor-element-26086e0 elementor-widget elementor-widget-text-editor\" data-id=\"26086e0\" data-element_type=\"widget\" data-widget_type=\"text-editor.default\">\n\t\t\t\t<div class=\"elementor-widget-container\">\n\t\t\t\t\t\t\t<h4 data-pm-slice=\"1 1 []\">\u00c7ene Kistlerinin Belirtileri Nelerdir?<\/h4><p>\u00c7ene kistleri bazen a\u011fr\u0131, \u015fi\u015flik ya da di\u015flerde hassasiyet gibi belirtilerle kendini g\u00f6sterebilir. Ancak baz\u0131 durumlarda hasta taraf\u0131ndan fark edilmeden olduk\u00e7a ilerleyebilir.<\/p><p>Odontojenik kistler genellikle iyi huyludur ve yava\u015f ilerler. Ancak zaman\u0131nda tedavi edilmezse, sin\u00fcsler, burun bo\u015flu\u011fu ya da sinir gibi kritik anatomik yap\u0131lara zarar verebilir veya k\u00f6t\u00fc huylu t\u00fcm\u00f6rlere d\u00f6n\u00fc\u015fme riski ta\u015f\u0131yabilir.<\/p><h4>\u00c7ene Kisti Ameliyat\u0131 Nas\u0131l Yap\u0131l\u0131r?<\/h4><p>Kist ile ili\u015fkili oldu\u011fu belirlenen di\u015flere \u00f6ncelikle kanal tedavisi uygulanabilir. Daha sonra lokal anestezi ile b\u00f6lge uyu\u015fturularak di\u015f eti dikkatlice kald\u0131r\u0131l\u0131r ve kiste ula\u015f\u0131l\u0131r. Kist tam olarak temizlenir ve alan diki\u015flerle kapat\u0131l\u0131r. Sa\u011fl\u0131kl\u0131 kemik do\u011fal iyile\u015fme s\u00fcrecine b\u0131rak\u0131l\u0131rken, baz\u0131 durumlarda iyile\u015fmeyi h\u0131zland\u0131rmak i\u00e7in kemik tozu kullan\u0131labilir. Cerrahi s\u0131ras\u0131nda al\u0131nan par\u00e7alar\u0131n patoloji incelemesi gerekebilir.<\/p><p>E\u011fer kist b\u00fcy\u00fckse veya hassas b\u00f6lgelerde bulunuyorsa, i\u015flem sedasyon ya da genel anestezi alt\u0131nda ger\u00e7ekle\u015ftirilebilir. Bu durumda en uygun y\u00f6ntem doktor taraf\u0131ndan belirlenir.<\/p><h4>\u00c7ene Kisti Ameliyat\u0131 A\u011fr\u0131l\u0131 M\u0131d\u0131r ve Sonras\u0131nda Neler Ya\u015fan\u0131r?<\/h4><p>Ameliyat, etkili bir lokal anestezi ile a\u011fr\u0131s\u0131z \u015fekilde yap\u0131l\u0131r. Sonras\u0131nda, doktorun \u00f6nerdi\u011fi antibiyotik, a\u011fr\u0131 kesici ila\u00e7lar ve antiseptik gargaralar\u0131n kullan\u0131lmas\u0131 gerekir. Hafif \u015fi\u015flikler olas\u0131d\u0131r, ancak bunlar kontrol alt\u0131nda tutulabilir.<\/p><p>Sinir dokular\u0131yla ili\u015fkili kistlerin al\u0131nmas\u0131 durumunda ge\u00e7ici uyu\u015fukluk ya\u015fanabilir. Bu durum genellikle zamanla d\u00fczelir ve kistin temizlenmesinin getirece\u011fi yararlar bu risklerden \u00e7ok daha b\u00fcy\u00fckt\u00fcr.<\/p>\t\t\t\t\t\t<\/div>\n\t\t\t\t<\/div>\n\t\t\t\t\t<\/div>\n\t\t\t\t<\/div>\n\t\t\t\t<\/div>\n\t\t","protected":false},"excerpt":{"rendered":"<p>\u00c7ene Kisti Nedir? \u00c7enelerde, di\u015ften kaynaklanan ya da ba\u011f\u0131ms\u0131z olarak olu\u015fan \u00e7e\u015fitli kistler bulunabilir. Bu kistler bazen hastalar taraf\u0131ndan fark edilmeden olduk\u00e7a b\u00fcy\u00fck boyutlara ula\u015fabilir. Bu nedenle d\u00fczenli di\u015f hekimi kontrollerinde panoramik di\u015f r\u00f6ntgeni \u00e7ekilmesi \u00f6nerilir. \u00c7ene kistleri genellikle di\u015f kaynakl\u0131d\u0131r ve di\u015f k\u00f6k\u00fc etraf\u0131nda olu\u015fur. Tedavi edilmedikleri takdirde b\u00fcy\u00fcyerek ciddi sorunlara yol a\u00e7abilirler. Di\u015f [&hellip;]<\/p>\n","protected":false},"author":1,"featured_media":0,"parent":0,"menu_order":0,"comment_status":"closed","ping_status":"closed","template":"","meta":{"_acf_changed":false,"footnotes":""},"class_list":["post-1628","page","type-page","status-publish","hentry"],"acf":[],"_links":{"self":[{"href":"https:\/\/drserapozdamar.com\/index.php?rest_route=\/wp\/v2\/pages\/1628"}],"collection":[{"href":"https:\/\/drserapozdamar.com\/index.php?rest_route=\/wp\/v2\/pages"}],"about":[{"href":"https:\/\/drserapozdamar.com\/index.php?rest_route=\/wp\/v2\/types\/page"}],"author":[{"embeddable":true,"href":"https:\/\/drserapozdamar.com\/index.php?rest_route=\/wp\/v2\/users\/1"}],"replies":[{"embeddable":true,"href":"https:\/\/drserapozdamar.com\/index.php?rest_route=%2Fwp%2Fv2%2Fcomments&post=1628"}],"version-history":[{"count":4,"href":"https:\/\/drserapozdamar.com\/index.php?rest_route=\/wp\/v2\/pages\/1628\/revisions"}],"predecessor-version":[{"id":1731,"href":"https:\/\/drserapozdamar.com\/index.php?rest_route=\/wp\/v2\/pages\/1628\/revisions\/1731"}],"wp:attachment":[{"href":"https:\/\/drserapozdamar.com\/index.php?rest_route=%2Fwp%2Fv2%2Fmedia&parent=1628"}],"curies":[{"name":"wp","href":"https:\/\/api.w.org\/{rel}","templated":true}]}}