{"id":1626,"date":"2024-12-07T20:12:29","date_gmt":"2024-12-07T20:12:29","guid":{"rendered":"https:\/\/drserapozdamar.com\/?page_id=1626"},"modified":"2024-12-07T21:12:52","modified_gmt":"2024-12-07T21:12:52","slug":"lazer-uygulamalari","status":"publish","type":"page","link":"https:\/\/drserapozdamar.com\/?page_id=1626","title":{"rendered":"Lazer Uygulamalar\u0131"},"content":{"rendered":"\t\t<div data-elementor-type=\"wp-page\" data-elementor-id=\"1626\" class=\"elementor elementor-1626\">\n\t\t\t\t<div class=\"elementor-element elementor-element-fa49c0e e-flex e-con-boxed e-con e-parent\" data-id=\"fa49c0e\" data-element_type=\"container\" data-settings=\"{&quot;jet_parallax_layout_list&quot;:[]}\">\n\t\t\t\t\t<div class=\"e-con-inner\">\n\t\t<div class=\"elementor-element elementor-element-fdf7be3 e-con-full e-flex e-con e-child\" data-id=\"fdf7be3\" data-element_type=\"container\" data-settings=\"{&quot;jet_parallax_layout_list&quot;:[]}\">\n\t\t\t\t<div class=\"elementor-element elementor-element-86354e5 elementor-widget elementor-widget-image\" data-id=\"86354e5\" data-element_type=\"widget\" data-widget_type=\"image.default\">\n\t\t\t\t<div class=\"elementor-widget-container\">\n\t\t\t\t\t\t\t\t\t\t\t\t\t<img fetchpriority=\"high\" decoding=\"async\" width=\"337\" height=\"265\" src=\"https:\/\/drserapozdamar.com\/wp-content\/uploads\/2024\/12\/Lazer-Uygulamasi.jpg\" class=\"attachment-large size-large wp-image-1724\" alt=\"\" srcset=\"https:\/\/drserapozdamar.com\/wp-content\/uploads\/2024\/12\/Lazer-Uygulamasi.jpg 337w, https:\/\/drserapozdamar.com\/wp-content\/uploads\/2024\/12\/Lazer-Uygulamasi-300x236.jpg 300w\" sizes=\"(max-width: 337px) 100vw, 337px\" \/>\t\t\t\t\t\t\t\t\t\t\t\t\t<\/div>\n\t\t\t\t<\/div>\n\t\t\t\t<\/div>\n\t\t<div class=\"elementor-element elementor-element-98693c8 e-con-full e-flex e-con e-child\" data-id=\"98693c8\" data-element_type=\"container\" data-settings=\"{&quot;jet_parallax_layout_list&quot;:[]}\">\n\t\t\t\t<div class=\"elementor-element elementor-element-fa1e58c elementor-widget elementor-widget-heading\" data-id=\"fa1e58c\" data-element_type=\"widget\" data-widget_type=\"heading.default\">\n\t\t\t\t<div class=\"elementor-widget-container\">\n\t\t\t<h2 class=\"elementor-heading-title elementor-size-default\">Lazer Uygulamas\u0131 Nedir?<\/h2>\t\t<\/div>\n\t\t\t\t<\/div>\n\t\t\t\t<div class=\"elementor-element elementor-element-fe0538a elementor-widget elementor-widget-text-editor\" data-id=\"fe0538a\" data-element_type=\"widget\" data-widget_type=\"text-editor.default\">\n\t\t\t\t<div class=\"elementor-widget-container\">\n\t\t\t\t\t\t\t<p data-pm-slice=\"1 1 []\">Lazer, kelime anlam\u0131yla tek renkli, d\u00fcz bir enerji ta\u015f\u0131yan \u0131\u015f\u0131k demeti anlam\u0131na gelir. Di\u015f hekimli\u011finde lazer; hem sert dokular (di\u015f minesi) hem de yumu\u015fak dokular \u00fczerinde rahatl\u0131kla uygulanabilen bir y\u00f6ntemdir.<\/p>\t\t\t\t\t\t<\/div>\n\t\t\t\t<\/div>\n\t\t\t\t<\/div>\n\t\t\t\t\t<\/div>\n\t\t\t\t<\/div>\n\t\t<div class=\"elementor-element elementor-element-6e89cf6 e-flex e-con-boxed e-con e-parent\" data-id=\"6e89cf6\" data-element_type=\"container\" data-settings=\"{&quot;jet_parallax_layout_list&quot;:[]}\">\n\t\t\t\t\t<div class=\"e-con-inner\">\n\t\t\t\t<div class=\"elementor-element elementor-element-4b483d0 elementor-widget elementor-widget-text-editor\" data-id=\"4b483d0\" data-element_type=\"widget\" data-widget_type=\"text-editor.default\">\n\t\t\t\t<div class=\"elementor-widget-container\">\n\t\t\t\t\t\t\t<h4 data-pm-slice=\"1 1 []\">Lazer Uygulamas\u0131 G\u00fcvenli Midir?<\/h4><p>Lazer, bu konuda e\u011fitim alm\u0131\u015f uzman hekimler taraf\u0131ndan do\u011fru kurallar \u00e7er\u00e7evesinde uyguland\u0131\u011f\u0131nda %100 g\u00fcvenlidir.<\/p><h4>Di\u015f Hekimli\u011finde Lazer Kullan\u0131m Alanlar\u0131<\/h4><ul data-spread=\"false\"><li><p>Yumu\u015fak doku cerrahisi<\/p><\/li><li><p>Sert doku cerrahisi<\/p><\/li><li><p>Di\u015f beyazlatma<\/p><\/li><li><p>Di\u015f \u00e7\u00fcr\u00fcklerinin temizlenmesi<\/p><\/li><li><p>Kanal tedavisinde kanal sterilizasyonu<\/p><\/li><li><p>Di\u015f dolgular\u0131n\u0131n tutuculu\u011funun art\u0131r\u0131lmas\u0131<\/p><\/li><li><p>\u2028\u00c7ene kemi\u011fi ve di\u015f etindeki cerrahi i\u015flemler<\/p><\/li><li><p>Di\u015f etinin \u015fekillendirilmesi<\/p><\/li><li><p>Estetik di\u015f tedavileri<\/p><\/li><li><p>Hassas di\u015flerin hassasiyetinin giderilmesi<\/p><\/li><li><p>Koyu renkli di\u015f etlerinin renginin a\u00e7\u0131lmas\u0131<\/p><\/li><li><p>U\u00e7uk ve aft tedavisi<\/p><\/li><\/ul><h4>Lazer Uygulamalar\u0131n\u0131n Avantajlar\u0131<\/h4><ul data-spread=\"false\"><li><p>\u0130mplant uygulamalar\u0131nda cerrahi a\u015famalar\u0131 basitle\u015ftirir ve tedavi s\u00fcresini k\u0131salt\u0131r.<\/p><\/li><li><p>Sert dokularda titre\u015fim yapmamas\u0131 sayesinde, k\u00fc\u00e7\u00fck m\u00fcdahalelerde anestezi gerekmeden kullan\u0131labilir. Bu \u00f6zellik, korkusu olan hastalar ve \u00e7ocuklar i\u00e7in b\u00fcy\u00fck bir avantaj sa\u011flar.<\/p><\/li><li><p>Yumu\u015fak dokularda kanamas\u0131z operasyonlar yap\u0131labilir ve iyile\u015fme s\u00fcresi olduk\u00e7a k\u0131sad\u0131r.<\/p><\/li><li><p>Porselen laminat veneer uygulamalar\u0131nda di\u015f y\u00fczeyini p\u00fcr\u00fczlendirerek restorasyonun tutuculu\u011funu maksimize eder.<\/p><\/li><li><p>Lazer, \u00e7\u00fcr\u00fck dokuya se\u00e7ici davranarak di\u015f maddesi kayb\u0131n\u0131 minimuma indirir.<\/p><\/li><li><p>Dokuya dokunmadan i\u015flem yapma olana\u011f\u0131 sayesinde a\u011fr\u0131 olu\u015fmaz ve uyu\u015fturma gereksinimi ortadan kalkabilir.<\/p><\/li><li><p>%100 dezenfeksiyon ve sterilizasyon sa\u011flayarak yeniden enfeksiyon ve \u00e7\u00fcr\u00fck olu\u015fumunu \u00f6nler.<\/p><\/li><li><p>Cerrahi uygulamalarda neredeyse hi\u00e7 kanama olmamas\u0131, komplikasyon, \u015fi\u015fme ve rahats\u0131zl\u0131k riskini azalt\u0131r.<\/p><\/li><\/ul><h4>Lazer Uygulamalar\u0131n\u0131n Dezavantajlar\u0131<\/h4><ul data-spread=\"false\"><li><p>Normal el aletlerine g\u00f6re \u00e7al\u0131\u015fma s\u00fcresi biraz daha uzun olabilir.<\/p><\/li><li><p>Prekanser\u00f6z lezyonlar (kansere d\u00f6n\u00fc\u015fme ihtimali olan lezyonlar) \u00fczerinde kesinlikle uygulanmamal\u0131d\u0131r.<\/p><\/li><\/ul><h4>Lazer Tedavisi Pahal\u0131 M\u0131d\u0131r?<\/h4><p>Lazer tedavisi, \u00f6zel cihazlar gerektirdi\u011fi i\u00e7in standart uygulamalara g\u00f6re bir miktar daha maliyetli olabilir.<\/p>\t\t\t\t\t\t<\/div>\n\t\t\t\t<\/div>\n\t\t\t\t\t<\/div>\n\t\t\t\t<\/div>\n\t\t\t\t<\/div>\n\t\t","protected":false},"excerpt":{"rendered":"<p>Lazer Uygulamas\u0131 Nedir? Lazer, kelime anlam\u0131yla tek renkli, d\u00fcz bir enerji ta\u015f\u0131yan \u0131\u015f\u0131k demeti anlam\u0131na gelir. Di\u015f hekimli\u011finde lazer; hem sert dokular (di\u015f minesi) hem de yumu\u015fak dokular \u00fczerinde rahatl\u0131kla uygulanabilen bir y\u00f6ntemdir. Lazer Uygulamas\u0131 G\u00fcvenli Midir? Lazer, bu konuda e\u011fitim alm\u0131\u015f uzman hekimler taraf\u0131ndan do\u011fru kurallar \u00e7er\u00e7evesinde uyguland\u0131\u011f\u0131nda %100 g\u00fcvenlidir. Di\u015f Hekimli\u011finde Lazer Kullan\u0131m [&hellip;]<\/p>\n","protected":false},"author":1,"featured_media":0,"parent":0,"menu_order":0,"comment_status":"closed","ping_status":"closed","template":"","meta":{"_acf_changed":false,"footnotes":""},"class_list":["post-1626","page","type-page","status-publish","hentry"],"acf":[],"_links":{"self":[{"href":"https:\/\/drserapozdamar.com\/index.php?rest_route=\/wp\/v2\/pages\/1626"}],"collection":[{"href":"https:\/\/drserapozdamar.com\/index.php?rest_route=\/wp\/v2\/pages"}],"about":[{"href":"https:\/\/drserapozdamar.com\/index.php?rest_route=\/wp\/v2\/types\/page"}],"author":[{"embeddable":true,"href":"https:\/\/drserapozdamar.com\/index.php?rest_route=\/wp\/v2\/users\/1"}],"replies":[{"embeddable":true,"href":"https:\/\/drserapozdamar.com\/index.php?rest_route=%2Fwp%2Fv2%2Fcomments&post=1626"}],"version-history":[{"count":4,"href":"https:\/\/drserapozdamar.com\/index.php?rest_route=\/wp\/v2\/pages\/1626\/revisions"}],"predecessor-version":[{"id":1727,"href":"https:\/\/drserapozdamar.com\/index.php?rest_route=\/wp\/v2\/pages\/1626\/revisions\/1727"}],"wp:attachment":[{"href":"https:\/\/drserapozdamar.com\/index.php?rest_route=%2Fwp%2Fv2%2Fmedia&parent=1626"}],"curies":[{"name":"wp","href":"https:\/\/api.w.org\/{rel}","templated":true}]}}