{"id":1622,"date":"2024-12-07T20:11:15","date_gmt":"2024-12-07T20:11:15","guid":{"rendered":"https:\/\/drserapozdamar.com\/?page_id=1622"},"modified":"2024-12-07T20:39:30","modified_gmt":"2024-12-07T20:39:30","slug":"ileri-implant-cerrahisi","status":"publish","type":"page","link":"https:\/\/drserapozdamar.com\/?page_id=1622","title":{"rendered":"\u0130leri \u0130mplant Cerrahisi"},"content":{"rendered":"\t\t<div data-elementor-type=\"wp-page\" data-elementor-id=\"1622\" class=\"elementor elementor-1622\">\n\t\t\t\t<div class=\"elementor-element elementor-element-022f566 e-flex e-con-boxed e-con e-parent\" data-id=\"022f566\" data-element_type=\"container\" data-settings=\"{&quot;jet_parallax_layout_list&quot;:[]}\">\n\t\t\t\t\t<div class=\"e-con-inner\">\n\t\t<div class=\"elementor-element elementor-element-9523454 e-con-full e-flex e-con e-child\" data-id=\"9523454\" data-element_type=\"container\" data-settings=\"{&quot;jet_parallax_layout_list&quot;:[]}\">\n\t\t\t\t<div class=\"elementor-element elementor-element-ad058df elementor-widget elementor-widget-image\" data-id=\"ad058df\" data-element_type=\"widget\" data-widget_type=\"image.default\">\n\t\t\t\t<div class=\"elementor-widget-container\">\n\t\t\t\t\t\t\t\t\t\t\t\t\t<img fetchpriority=\"high\" decoding=\"async\" width=\"272\" height=\"228\" src=\"https:\/\/drserapozdamar.com\/wp-content\/uploads\/2024\/12\/ileri-implant.jpg\" class=\"attachment-large size-large wp-image-1679\" alt=\"\" \/>\t\t\t\t\t\t\t\t\t\t\t\t\t<\/div>\n\t\t\t\t<\/div>\n\t\t\t\t<div class=\"elementor-element elementor-element-8aeae43 elementor-widget elementor-widget-image\" data-id=\"8aeae43\" data-element_type=\"widget\" data-widget_type=\"image.default\">\n\t\t\t\t<div class=\"elementor-widget-container\">\n\t\t\t\t\t\t\t\t\t\t\t\t\t<img decoding=\"async\" width=\"325\" height=\"240\" src=\"https:\/\/drserapozdamar.com\/wp-content\/uploads\/2024\/12\/ileri-implant-2.jpg\" class=\"attachment-large size-large wp-image-1680\" alt=\"\" srcset=\"https:\/\/drserapozdamar.com\/wp-content\/uploads\/2024\/12\/ileri-implant-2.jpg 325w, https:\/\/drserapozdamar.com\/wp-content\/uploads\/2024\/12\/ileri-implant-2-300x222.jpg 300w\" sizes=\"(max-width: 325px) 100vw, 325px\" \/>\t\t\t\t\t\t\t\t\t\t\t\t\t<\/div>\n\t\t\t\t<\/div>\n\t\t\t\t<\/div>\n\t\t<div class=\"elementor-element elementor-element-b2d7637 e-con-full e-flex e-con e-child\" data-id=\"b2d7637\" data-element_type=\"container\" data-settings=\"{&quot;jet_parallax_layout_list&quot;:[]}\">\n\t\t\t\t<div class=\"elementor-element elementor-element-74b2925 elementor-widget elementor-widget-heading\" data-id=\"74b2925\" data-element_type=\"widget\" data-widget_type=\"heading.default\">\n\t\t\t\t<div class=\"elementor-widget-container\">\n\t\t\t<h2 class=\"elementor-heading-title elementor-size-default\">\u0130leri \u0130mplant Cerrahisi Nedir?<\/h2>\t\t<\/div>\n\t\t\t\t<\/div>\n\t\t\t\t<div class=\"elementor-element elementor-element-73ad848 elementor-widget elementor-widget-text-editor\" data-id=\"73ad848\" data-element_type=\"widget\" data-widget_type=\"text-editor.default\">\n\t\t\t\t<div class=\"elementor-widget-container\">\n\t\t\t\t\t\t\t<p>\u0130mplant yerle\u015ftirme i\u015flemi i\u00e7in yeterli kemik hacmi ve di\u015f eti dokusunun bulunmas\u0131 gereklidir. Di\u015f \u00e7ekimi sonras\u0131 olu\u015fan kemik kayb\u0131 durumlar\u0131nda implant uygulamas\u0131 her zaman m\u00fcmk\u00fcn olmayabilir. \u00d6zellikle erken d\u00f6nemde ya da travma nedeniyle kaybedilen di\u015flerin ard\u0131ndan yeterli kemik ve keratinize di\u015f eti dokusu eksik olabilir.\u00a0<span style=\"color: var( --e-global-color-text ); font-family: var( --e-global-typography-text-font-family ), Sans-serif; font-weight: var( --e-global-typography-text-font-weight ); text-align: var(--text-align); letter-spacing: 0.27px;\">Standart bir implant uygulamas\u0131 i\u00e7in en az 10 mm kemik y\u00fcksekli\u011fi ve 5 mm kemik geni\u015fli\u011fi gereklidir. Ayr\u0131ca implantlar\u0131n \u00e7evresinde yeterli miktarda di\u015f eti bulunmas\u0131 da \u00f6nemlidir. Di\u015f eti dokusu; pembe estetik sa\u011flanmas\u0131, a\u011f\u0131z hijyeninin korunmas\u0131, di\u015f eti \u00e7ekilmelerinin ve kemik kay\u0131plar\u0131n\u0131n \u00f6nlenmesi a\u00e7\u0131s\u0131ndan kritik bir role sahiptir.<\/span><\/p><p>\u0130leri implant cerrahisi, di\u015f implant\u0131 yap\u0131labilmesi i\u00e7in eksik olan kemik ve di\u015f eti dokular\u0131n\u0131 \u00e7e\u015fitli y\u00f6ntemlerle yerine koymay\u0131 hedefleyen bir tedavi s\u00fcrecidir. Bu y\u00f6ntemin amac\u0131, implantlar\u0131 en ideal konum ve pozisyonda yerle\u015ftirebilmek i\u00e7in \u00e7evrede yeterli miktarda kemik ve di\u015f eti dokusu olu\u015fturmakt\u0131r.<\/p>\t\t\t\t\t\t<\/div>\n\t\t\t\t<\/div>\n\t\t\t\t<\/div>\n\t\t\t\t\t<\/div>\n\t\t\t\t<\/div>\n\t\t\t\t<\/div>\n\t\t","protected":false},"excerpt":{"rendered":"<p>\u0130leri \u0130mplant Cerrahisi Nedir? \u0130mplant yerle\u015ftirme i\u015flemi i\u00e7in yeterli kemik hacmi ve di\u015f eti dokusunun bulunmas\u0131 gereklidir. Di\u015f \u00e7ekimi sonras\u0131 olu\u015fan kemik kayb\u0131 durumlar\u0131nda implant uygulamas\u0131 her zaman m\u00fcmk\u00fcn olmayabilir. \u00d6zellikle erken d\u00f6nemde ya da travma nedeniyle kaybedilen di\u015flerin ard\u0131ndan yeterli kemik ve keratinize di\u015f eti dokusu eksik olabilir.\u00a0Standart bir implant uygulamas\u0131 i\u00e7in en az [&hellip;]<\/p>\n","protected":false},"author":1,"featured_media":0,"parent":0,"menu_order":0,"comment_status":"closed","ping_status":"closed","template":"","meta":{"_acf_changed":false,"footnotes":""},"class_list":["post-1622","page","type-page","status-publish","hentry"],"acf":[],"_links":{"self":[{"href":"https:\/\/drserapozdamar.com\/index.php?rest_route=\/wp\/v2\/pages\/1622"}],"collection":[{"href":"https:\/\/drserapozdamar.com\/index.php?rest_route=\/wp\/v2\/pages"}],"about":[{"href":"https:\/\/drserapozdamar.com\/index.php?rest_route=\/wp\/v2\/types\/page"}],"author":[{"embeddable":true,"href":"https:\/\/drserapozdamar.com\/index.php?rest_route=\/wp\/v2\/users\/1"}],"replies":[{"embeddable":true,"href":"https:\/\/drserapozdamar.com\/index.php?rest_route=%2Fwp%2Fv2%2Fcomments&post=1622"}],"version-history":[{"count":4,"href":"https:\/\/drserapozdamar.com\/index.php?rest_route=\/wp\/v2\/pages\/1622\/revisions"}],"predecessor-version":[{"id":1683,"href":"https:\/\/drserapozdamar.com\/index.php?rest_route=\/wp\/v2\/pages\/1622\/revisions\/1683"}],"wp:attachment":[{"href":"https:\/\/drserapozdamar.com\/index.php?rest_route=%2Fwp%2Fv2%2Fmedia&parent=1622"}],"curies":[{"name":"wp","href":"https:\/\/api.w.org\/{rel}","templated":true}]}}