{"id":1620,"date":"2024-12-07T20:10:55","date_gmt":"2024-12-07T20:10:55","guid":{"rendered":"https:\/\/drserapozdamar.com\/?page_id=1620"},"modified":"2024-12-07T20:36:55","modified_gmt":"2024-12-07T20:36:55","slug":"sinus-lifting-ameliyati","status":"publish","type":"page","link":"https:\/\/drserapozdamar.com\/?page_id=1620","title":{"rendered":"Sin\u00fcs Lifting Ameliyat\u0131"},"content":{"rendered":"\t\t<div data-elementor-type=\"wp-page\" data-elementor-id=\"1620\" class=\"elementor elementor-1620\">\n\t\t\t\t<div class=\"elementor-element elementor-element-878aade e-flex e-con-boxed e-con e-parent\" data-id=\"878aade\" data-element_type=\"container\" data-settings=\"{&quot;jet_parallax_layout_list&quot;:[]}\">\n\t\t\t\t\t<div class=\"e-con-inner\">\n\t\t<div class=\"elementor-element elementor-element-1070192 e-con-full e-flex e-con e-child\" data-id=\"1070192\" data-element_type=\"container\" data-settings=\"{&quot;jet_parallax_layout_list&quot;:[]}\">\n\t\t\t\t<div class=\"elementor-element elementor-element-5feb3d6 elementor-widget elementor-widget-image\" data-id=\"5feb3d6\" data-element_type=\"widget\" data-widget_type=\"image.default\">\n\t\t\t\t<div class=\"elementor-widget-container\">\n\t\t\t\t\t\t\t\t\t\t\t\t\t<img fetchpriority=\"high\" decoding=\"async\" width=\"549\" height=\"443\" src=\"https:\/\/drserapozdamar.com\/wp-content\/uploads\/2024\/12\/Sinus-Lifting.jpg\" class=\"attachment-large size-large wp-image-1671\" alt=\"\" srcset=\"https:\/\/drserapozdamar.com\/wp-content\/uploads\/2024\/12\/Sinus-Lifting.jpg 549w, https:\/\/drserapozdamar.com\/wp-content\/uploads\/2024\/12\/Sinus-Lifting-300x242.jpg 300w\" sizes=\"(max-width: 549px) 100vw, 549px\" \/>\t\t\t\t\t\t\t\t\t\t\t\t\t<\/div>\n\t\t\t\t<\/div>\n\t\t\t\t<\/div>\n\t\t<div class=\"elementor-element elementor-element-6868609 e-con-full e-flex e-con e-child\" data-id=\"6868609\" data-element_type=\"container\" data-settings=\"{&quot;jet_parallax_layout_list&quot;:[]}\">\n\t\t\t\t<div class=\"elementor-element elementor-element-dae03c5 elementor-widget elementor-widget-heading\" data-id=\"dae03c5\" data-element_type=\"widget\" data-widget_type=\"heading.default\">\n\t\t\t\t<div class=\"elementor-widget-container\">\n\t\t\t<h2 class=\"elementor-heading-title elementor-size-default\">Sin\u00fcs Lifting Ameliyat\u0131 Nedir?<\/h2>\t\t<\/div>\n\t\t\t\t<\/div>\n\t\t\t\t<div class=\"elementor-element elementor-element-06fa194 elementor-widget elementor-widget-text-editor\" data-id=\"06fa194\" data-element_type=\"widget\" data-widget_type=\"text-editor.default\">\n\t\t\t\t<div class=\"elementor-widget-container\">\n\t\t\t\t\t\t\t<p data-pm-slice=\"1 1 []\">\u00dcst \u00e7ene sa\u011f ve sol b\u00fcy\u00fck az\u0131 di\u015f b\u00f6lgelerimizde bulunan hava bo\u015fluklar\u0131m\u0131z <strong>maksiller sin\u00fcslerimizdir<\/strong>. &#8220;Sin\u00fczit olmu\u015fum&#8221; diye zaman zaman \u00e7evremizden i\u015fitti\u011fimiz bu hava bo\u015fluklar\u0131n\u0131n enfeksiyonudur.<\/p><p>Sin\u00fcslerimizin altlar\u0131nda bulunan di\u015flerimiz \u00e7ekildi\u011finde, sin\u00fcs taban\u0131 zaman i\u00e7erisinde \u00e7ekim yap\u0131lan bo\u015flu\u011fa do\u011fru sarkmakta ve bu b\u00f6lgedeki kemik hacmini azaltmaktad\u0131r. Kemik i\u00e7erisine tam olarak g\u00f6mmek istedi\u011fimiz implantlar i\u00e7inse bu s\u0131\u011f hacim yetersiz kalmakta ve tedavinin ba\u015far\u0131s\u0131zl\u0131\u011f\u0131na yol a\u00e7maktad\u0131r. Bu gibi durumlarda sin\u00fcs taban\u0131n\u0131n cerrahi olarak a\u00e7\u0131l\u0131p y\u00fckseltilmesi i\u015flemine <strong>sin\u00fcs lifting<\/strong> denir.<\/p>\t\t\t\t\t\t<\/div>\n\t\t\t\t<\/div>\n\t\t\t\t<\/div>\n\t\t\t\t\t<\/div>\n\t\t\t\t<\/div>\n\t\t<div class=\"elementor-element elementor-element-da6b309 e-flex e-con-boxed e-con e-parent\" data-id=\"da6b309\" data-element_type=\"container\" data-settings=\"{&quot;jet_parallax_layout_list&quot;:[]}\">\n\t\t\t\t\t<div class=\"e-con-inner\">\n\t\t\t\t<div class=\"elementor-element elementor-element-b3c9efa elementor-widget elementor-widget-text-editor\" data-id=\"b3c9efa\" data-element_type=\"widget\" data-widget_type=\"text-editor.default\">\n\t\t\t\t<div class=\"elementor-widget-container\">\n\t\t\t\t\t\t\t<h4 data-pm-slice=\"1 3 []\">Sin\u00fcs lifting ameliyat\u0131 nas\u0131l uygulan\u0131r?<\/h4><p>Lokal anestezi ya da sedasyon alt\u0131nda uygulanan sin\u00fcs lifting i\u015flemi yakla\u015f\u0131k yar\u0131m saat s\u00fcrmektedir. Sin\u00fcs lifting i\u015flemi, implant tedavisi i\u00e7in kemik y\u00fczeyinde sin\u00fcs zar\u0131na hasar vermeden bir pencere a\u00e7\u0131p bu zar\u0131 yukar\u0131 kald\u0131rmak suretiyle tercih edilen greftin (kemik materyali) zar\u0131n kald\u0131r\u0131ld\u0131\u011f\u0131 bo\u015flu\u011fa uygulanmas\u0131 i\u015flemidir.<\/p><p>\u0130\u015flemin tamamlanmas\u0131n\u0131n ard\u0131ndan genellikle 5-6 ayl\u0131k bir s\u00fcre boyunca b\u00f6lgenin iyile\u015fmesi beklenir. B\u00f6lgeye uygulanan greftin mineralize sert doku haline gelebilmesi i\u00e7in b\u00f6yle bir s\u00fcreye ihtiya\u00e7 vard\u0131r.<\/p><h4>Sin\u00fcs lifting ameliyat\u0131 ac\u0131 verir mi ve i\u015flem sonras\u0131 neler ya\u015far\u0131m?<\/h4><p>Sin\u00fcs lifting ameliyat\u0131, herhangi bir a\u011fr\u0131 ya da ac\u0131ya neden olmayan; lokal anestezi ya da sedasyon alt\u0131nda yap\u0131labilen bir i\u015flemdir. Operasyon sonras\u0131 birka\u00e7 g\u00fcn \u015fi\u015flik ve hafif a\u011fr\u0131 olu\u015fmas\u0131 normaldir. \u0130\u015flemden sonra uygun antibiyotik ve a\u011fr\u0131 kesici kullan\u0131m\u0131 ile bu durum kontrol alt\u0131na al\u0131nmaktad\u0131r.<\/p><h4>Sin\u00fcs lifting ameliyat\u0131 pahal\u0131 m\u0131d\u0131r?<\/h4><p>Sin\u00fcs lifting ameliyat\u0131 i\u00e7in kullan\u0131lan malzemeler bir miktar maliyet olu\u015fturmaktad\u0131r. Ancak yetersiz kemik bulunan durumlarda sin\u00fcs lifting i\u015flemi uygulanmadan implant tedavisinin yap\u0131lmas\u0131 m\u00fcmk\u00fcn de\u011fildir.<\/p><h4>Sin\u00fcs lifting ameliyat\u0131 sonras\u0131 nelere dikkat etmeliyim?<\/h4><ul data-spread=\"false\"><li><p>Doktorunuz taraf\u0131ndan \u00f6nerilen antibiyotik, a\u011fr\u0131 kesici ve gargaray\u0131 uygun \u015fekilde kullanmal\u0131s\u0131n\u0131z.<\/p><\/li><li><p>\u0130lk 48 saat kesinlikle sigara kullanmay\u0131n\u0131z; sonras\u0131nda ise m\u00fcmk\u00fcn oldu\u011funca sigaradan uzak durunuz.<\/p><\/li><li><p>\u0130lk 24 saat s\u0131cak g\u0131dalardan uzak durunuz ve s\u0131cak du\u015f almay\u0131n\u0131z.<\/p><\/li><li><p>Burnunuzu kuvvetli temizlemek, abdest al\u0131rken burna su vermek gibi i\u015flemlerden bir hafta kadar uzak durunuz.<\/p><\/li><\/ul>\t\t\t\t\t\t<\/div>\n\t\t\t\t<\/div>\n\t\t\t\t\t<\/div>\n\t\t\t\t<\/div>\n\t\t\t\t<\/div>\n\t\t","protected":false},"excerpt":{"rendered":"<p>Sin\u00fcs Lifting Ameliyat\u0131 Nedir? \u00dcst \u00e7ene sa\u011f ve sol b\u00fcy\u00fck az\u0131 di\u015f b\u00f6lgelerimizde bulunan hava bo\u015fluklar\u0131m\u0131z maksiller sin\u00fcslerimizdir. &#8220;Sin\u00fczit olmu\u015fum&#8221; diye zaman zaman \u00e7evremizden i\u015fitti\u011fimiz bu hava bo\u015fluklar\u0131n\u0131n enfeksiyonudur. Sin\u00fcslerimizin altlar\u0131nda bulunan di\u015flerimiz \u00e7ekildi\u011finde, sin\u00fcs taban\u0131 zaman i\u00e7erisinde \u00e7ekim yap\u0131lan bo\u015flu\u011fa do\u011fru sarkmakta ve bu b\u00f6lgedeki kemik hacmini azaltmaktad\u0131r. Kemik i\u00e7erisine tam olarak g\u00f6mmek istedi\u011fimiz [&hellip;]<\/p>\n","protected":false},"author":1,"featured_media":0,"parent":0,"menu_order":0,"comment_status":"closed","ping_status":"closed","template":"","meta":{"_acf_changed":false,"footnotes":""},"class_list":["post-1620","page","type-page","status-publish","hentry"],"acf":[],"_links":{"self":[{"href":"https:\/\/drserapozdamar.com\/index.php?rest_route=\/wp\/v2\/pages\/1620"}],"collection":[{"href":"https:\/\/drserapozdamar.com\/index.php?rest_route=\/wp\/v2\/pages"}],"about":[{"href":"https:\/\/drserapozdamar.com\/index.php?rest_route=\/wp\/v2\/types\/page"}],"author":[{"embeddable":true,"href":"https:\/\/drserapozdamar.com\/index.php?rest_route=\/wp\/v2\/users\/1"}],"replies":[{"embeddable":true,"href":"https:\/\/drserapozdamar.com\/index.php?rest_route=%2Fwp%2Fv2%2Fcomments&post=1620"}],"version-history":[{"count":10,"href":"https:\/\/drserapozdamar.com\/index.php?rest_route=\/wp\/v2\/pages\/1620\/revisions"}],"predecessor-version":[{"id":1678,"href":"https:\/\/drserapozdamar.com\/index.php?rest_route=\/wp\/v2\/pages\/1620\/revisions\/1678"}],"wp:attachment":[{"href":"https:\/\/drserapozdamar.com\/index.php?rest_route=%2Fwp%2Fv2%2Fmedia&parent=1620"}],"curies":[{"name":"wp","href":"https:\/\/api.w.org\/{rel}","templated":true}]}}