{"id":1613,"date":"2024-12-07T20:07:53","date_gmt":"2024-12-07T20:07:53","guid":{"rendered":"https:\/\/drserapozdamar.com\/?page_id=1613"},"modified":"2024-12-07T21:10:17","modified_gmt":"2024-12-07T21:10:17","slug":"gomuk-dis-cekimi","status":"publish","type":"page","link":"https:\/\/drserapozdamar.com\/?page_id=1613","title":{"rendered":"G\u00f6m\u00fck Di\u015f \u00c7ekimi"},"content":{"rendered":"\t\t<div data-elementor-type=\"wp-page\" data-elementor-id=\"1613\" class=\"elementor elementor-1613\">\n\t\t\t\t<div class=\"elementor-element elementor-element-ec5659a e-flex e-con-boxed e-con e-parent\" data-id=\"ec5659a\" data-element_type=\"container\" data-settings=\"{&quot;jet_parallax_layout_list&quot;:[]}\">\n\t\t\t\t\t<div class=\"e-con-inner\">\n\t\t<div class=\"elementor-element elementor-element-d8f1e89 e-con-full e-flex e-con e-child\" data-id=\"d8f1e89\" data-element_type=\"container\" data-settings=\"{&quot;jet_parallax_layout_list&quot;:[]}\">\n\t\t\t\t<div class=\"elementor-element elementor-element-05d2f7d elementor-widget elementor-widget-image\" data-id=\"05d2f7d\" data-element_type=\"widget\" data-widget_type=\"image.default\">\n\t\t\t\t<div class=\"elementor-widget-container\">\n\t\t\t\t\t\t\t\t\t\t\t\t\t<img fetchpriority=\"high\" decoding=\"async\" width=\"345\" height=\"259\" src=\"https:\/\/drserapozdamar.com\/wp-content\/uploads\/2024\/12\/Gomuk-dis.jpg\" class=\"attachment-large size-large wp-image-1720\" alt=\"\" srcset=\"https:\/\/drserapozdamar.com\/wp-content\/uploads\/2024\/12\/Gomuk-dis.jpg 345w, https:\/\/drserapozdamar.com\/wp-content\/uploads\/2024\/12\/Gomuk-dis-300x225.jpg 300w\" sizes=\"(max-width: 345px) 100vw, 345px\" \/>\t\t\t\t\t\t\t\t\t\t\t\t\t<\/div>\n\t\t\t\t<\/div>\n\t\t\t\t<\/div>\n\t\t<div class=\"elementor-element elementor-element-e30b9fc e-con-full e-flex e-con e-child\" data-id=\"e30b9fc\" data-element_type=\"container\" data-settings=\"{&quot;jet_parallax_layout_list&quot;:[]}\">\n\t\t\t\t<div class=\"elementor-element elementor-element-edc6d59 elementor-widget elementor-widget-heading\" data-id=\"edc6d59\" data-element_type=\"widget\" data-widget_type=\"heading.default\">\n\t\t\t\t<div class=\"elementor-widget-container\">\n\t\t\t<h2 class=\"elementor-heading-title elementor-size-default\">G\u00f6m\u00fck Di\u015f \u00c7ekimi Nedir?<\/h2>\t\t<\/div>\n\t\t\t\t<\/div>\n\t\t\t\t<div class=\"elementor-element elementor-element-c8b7a8d elementor-widget elementor-widget-text-editor\" data-id=\"c8b7a8d\" data-element_type=\"widget\" data-widget_type=\"text-editor.default\">\n\t\t\t\t<div class=\"elementor-widget-container\">\n\t\t\t\t\t\t\t<p>S\u00fcrme zaman\u0131 gelmesine ra\u011fmen \u00e7e\u015fitli nedenlerle \u00e7ene kemi\u011fi i\u00e7inde kalan ve a\u011f\u0131zda yerini alamayan di\u015flere &#8220;g\u00f6m\u00fck di\u015f&#8221; denir. \u00dc\u00e7\u00fcnc\u00fc b\u00fcy\u00fck az\u0131 di\u015fleri, yani 20 ya\u015f di\u015fleri (ak\u0131l di\u015fleri), en s\u0131k g\u00f6r\u00fclen g\u00f6m\u00fck di\u015flerdendir. Baz\u0131 durumlarda, bu di\u015fler k\u0131smen s\u00fcrer ancak tam olarak \u00e7\u0131kmaz. 20 ya\u015f di\u015flerinizin durumu hakk\u0131nda bilgi almak i\u00e7in di\u015f hekiminize ba\u015fvurabilir, a\u011fr\u0131, enfeksiyon, \u00e7\u00fcr\u00fck ya da di\u015f eti hastal\u0131klar\u0131 gibi sorunlar olu\u015fmadan \u00f6nce bu di\u015flerin \u00e7ekimini sa\u011flayabilirsiniz.<\/p>\t\t\t\t\t\t<\/div>\n\t\t\t\t<\/div>\n\t\t\t\t<\/div>\n\t\t\t\t\t<\/div>\n\t\t\t\t<\/div>\n\t\t<div class=\"elementor-element elementor-element-758c775 e-flex e-con-boxed e-con e-parent\" data-id=\"758c775\" data-element_type=\"container\" data-settings=\"{&quot;jet_parallax_layout_list&quot;:[]}\">\n\t\t\t\t\t<div class=\"e-con-inner\">\n\t\t\t\t<div class=\"elementor-element elementor-element-fd29789 elementor-widget elementor-widget-text-editor\" data-id=\"fd29789\" data-element_type=\"widget\" data-widget_type=\"text-editor.default\">\n\t\t\t\t<div class=\"elementor-widget-container\">\n\t\t\t\t\t\t\t<h4>Di\u015fler Neden G\u00f6m\u00fck Kal\u0131r?<\/h4><p>20 ya\u015f di\u015flerinin g\u00f6m\u00fcl\u00fc kalmas\u0131n\u0131n temel nedeni, modern \u00e7enelerin k\u00fc\u00e7\u00fclmesiyle bu di\u015flere ihtiya\u00e7 duyulmamas\u0131d\u0131r. \u00c7ene darl\u0131\u011f\u0131 nedeniyle 20 ya\u015f di\u015fleri di\u011fer di\u015fler gibi yer bulamaz ve s\u00fcrme g\u00fc\u00e7l\u00fc\u011f\u00fc ya\u015far. Bu durum, kom\u015fu di\u015flere bask\u0131 yaparak \u00e7apra\u015f\u0131kl\u0131\u011fa neden olabilir. Ayr\u0131ca, eri\u015fim zorlu\u011fu ve \u00e7evresindeki di\u015f eti yap\u0131s\u0131 nedeniyle bu di\u015fler kolayca enfekte olabilir. Bu nedenle, 20 ya\u015f di\u015flerinin d\u00fczenli olarak kontrol edilmesi \u00f6nemlidir.<\/p><h4>G\u00f6m\u00fck Di\u015flerin \u00c7ekilmesi Gereken Durumlar<\/h4><ul><li>Enfeksiyon varl\u0131\u011f\u0131,<\/li><li>Yer darl\u0131\u011f\u0131,<\/li><li>Kist olu\u015fumu,<\/li><li>A\u011fr\u0131 \u015fikayeti.<\/li><\/ul><h4>G\u00f6m\u00fck Di\u015f Ameliyat\u0131 Nas\u0131l Yap\u0131l\u0131r?<\/h4><p>Bu i\u015flem, lokal anestezi veya sedasyon alt\u0131nda ger\u00e7ekle\u015ftirilir. Di\u015fin bulundu\u011fu b\u00f6lgeye k\u00fc\u00e7\u00fck bir kesi yap\u0131l\u0131r. Gerekli durumlarda kemik kald\u0131r\u0131larak di\u015f \u00e7\u0131kar\u0131l\u0131r ve b\u00f6lge diki\u015fle kapat\u0131l\u0131r. Ameliyat tamamen a\u011fr\u0131s\u0131zd\u0131r. \u0130\u015flem sonras\u0131 doktorun \u00f6nerdi\u011fi antibiyotik ve a\u011fr\u0131 kesiciler kullan\u0131lmal\u0131d\u0131r.<\/p><h4>Ameliyat Ac\u0131t\u0131r m\u0131 ve Sonras\u0131nda Neler Ya\u015fan\u0131r?<\/h4><p>G\u00f6m\u00fck di\u015f ameliyat\u0131 a\u011fr\u0131s\u0131zd\u0131r. \u0130\u015flemden sonra 3-4 g\u00fcn s\u00fcrebilen \u015fi\u015flik ve morluk olu\u015fabilir. Doktorunuzun \u00f6nerilerine uyarsan\u0131z herhangi bir sorun ya\u015fanmaz.<\/p><h4>Ameliyat Sonras\u0131 Nelere Dikkat Edilmelidir?<\/h4><ul><li>\u0130lk 24 saat s\u0131cak ve asitli g\u0131dalardan ka\u00e7\u0131n\u0131n.<\/li><li>\u0130lk 24 saat boyunca aral\u0131klarla so\u011fuk kompres uygulay\u0131n.<\/li><li>Doktorunuzun verdi\u011fi ila\u00e7lar\u0131 d\u00fczenli olarak kullan\u0131n.<\/li><li>Di\u015f f\u0131r\u00e7alamaya ara vermeyin.<\/li><li>\u0130lk 48 saat sigara i\u00e7meyin.<\/li><\/ul>\t\t\t\t\t\t<\/div>\n\t\t\t\t<\/div>\n\t\t\t\t\t<\/div>\n\t\t\t\t<\/div>\n\t\t\t\t<\/div>\n\t\t","protected":false},"excerpt":{"rendered":"<p>G\u00f6m\u00fck Di\u015f \u00c7ekimi Nedir? S\u00fcrme zaman\u0131 gelmesine ra\u011fmen \u00e7e\u015fitli nedenlerle \u00e7ene kemi\u011fi i\u00e7inde kalan ve a\u011f\u0131zda yerini alamayan di\u015flere &#8220;g\u00f6m\u00fck di\u015f&#8221; denir. \u00dc\u00e7\u00fcnc\u00fc b\u00fcy\u00fck az\u0131 di\u015fleri, yani 20 ya\u015f di\u015fleri (ak\u0131l di\u015fleri), en s\u0131k g\u00f6r\u00fclen g\u00f6m\u00fck di\u015flerdendir. Baz\u0131 durumlarda, bu di\u015fler k\u0131smen s\u00fcrer ancak tam olarak \u00e7\u0131kmaz. 20 ya\u015f di\u015flerinizin durumu hakk\u0131nda bilgi almak i\u00e7in [&hellip;]<\/p>\n","protected":false},"author":1,"featured_media":0,"parent":0,"menu_order":0,"comment_status":"closed","ping_status":"closed","template":"","meta":{"_acf_changed":false,"footnotes":""},"class_list":["post-1613","page","type-page","status-publish","hentry"],"acf":[],"_links":{"self":[{"href":"https:\/\/drserapozdamar.com\/index.php?rest_route=\/wp\/v2\/pages\/1613"}],"collection":[{"href":"https:\/\/drserapozdamar.com\/index.php?rest_route=\/wp\/v2\/pages"}],"about":[{"href":"https:\/\/drserapozdamar.com\/index.php?rest_route=\/wp\/v2\/types\/page"}],"author":[{"embeddable":true,"href":"https:\/\/drserapozdamar.com\/index.php?rest_route=\/wp\/v2\/users\/1"}],"replies":[{"embeddable":true,"href":"https:\/\/drserapozdamar.com\/index.php?rest_route=%2Fwp%2Fv2%2Fcomments&post=1613"}],"version-history":[{"count":4,"href":"https:\/\/drserapozdamar.com\/index.php?rest_route=\/wp\/v2\/pages\/1613\/revisions"}],"predecessor-version":[{"id":1723,"href":"https:\/\/drserapozdamar.com\/index.php?rest_route=\/wp\/v2\/pages\/1613\/revisions\/1723"}],"wp:attachment":[{"href":"https:\/\/drserapozdamar.com\/index.php?rest_route=%2Fwp%2Fv2%2Fmedia&parent=1613"}],"curies":[{"name":"wp","href":"https:\/\/api.w.org\/{rel}","templated":true}]}}